{"id":102,"date":"2023-05-27T12:02:30","date_gmt":"2023-05-27T12:02:30","guid":{"rendered":"https:\/\/trans-luzern.ch\/?page_id=102"},"modified":"2023-05-27T15:04:41","modified_gmt":"2023-05-27T15:04:41","slug":"sample-page-1-5-6-7-9-10-11-12-13","status":"publish","type":"page","link":"https:\/\/trans-luzern.ch\/?page_id=102","title":{"rendered":"Tanja vor ihrer SRS"},"content":{"rendered":"\n<p>Ich denke die genitale Zone ist bei mir als Transfrau, ein Ort mit dem ich mich nicht allzu lange befassen m\u00f6chte oder je befasst habe. Und wenn ich es tue, geht es darum es in Frage zu stellen.<br>Ein Ort, der bei mir nicht das ist was ich im Kopf habe. Ich sehe etwas was ich nicht f\u00fchle. Mein Gegen\u00fcber, der Arzt im Spital, der entscheidet oder entschieden hat, was entschieden wird, wenn dieses Geh\u00e4nge zu sehen ist. Ich vermisse beim Sehen und Tasten das was ich f\u00fchle. Was mein Kopf mir vorgibt. Da ist mal f\u00fcr kurze Zeit, wenn ich mich unbeobachtet f\u00fchle und gehen lassen kann ein ganz kurzer Moment, so fl\u00fcchtig und unwirklich &#8211; ein Hauch &#8211; von der Tiefe. Ein Schleier von etwas Weiblichen was nur ich sehe und empfinden kann.<br>Es ist aber doch nicht da.<\/p>\n\n\n\n<p><br>Ich kann dieses Gef\u00fchl eher provozieren, wenn ich das Glied bedecken kann mit etwas so Engem, dass es das Blut aus dem selbigen dr\u00fcckt, dass es schlaff und weich ohne Inhalt in meinen K\u00f6rper gedr\u00fcckt wird. Die Erhebung weg ist?<\/p>\n\n\n\n<p><br>Dann kann ich mich im Spiegel anschauen und sehe vielleicht keine Erhebung, die aber doch unwiderruflich\/unmissverst\u00e4ndlich einfach da ist und mir und meinen Mitmenschen signalisiert was ich doch nicht bin. Was ich auch tue es ist da. Ich kann es wegziehen, nach unten dr\u00fccken, verklemmen\u2026 es ist so sichtbar und herausragend wie ein Fels in der Brandung.<br>Kommt der Sturm auf, wird das ganze zum Leuchtturm. Noch sichtbarer als vorher und so trotzig und fest wie ein Berg auf dem das lauteste Horn und das gr\u00f6sste Feuer brennt. Nichts Verborgenes. Das pure Gegenteil. So prominent und herrscherisch.<\/p>\n\n\n\n<p><br>Ich kann den Penis als dieses Objekt nicht gross gebrauchen. Das Gef\u00fchl welches mich kurz \u00fcbernimmt, wenn ich sexuell erregt bin, ist so auf den Punkt gebracht. Ein einmaliger Pfeilschuss. Geschaut, gezielt, \u00fcber die Kimme und weg. Zentral. Ein Spannungskurve wie die eines Starts einer Silvesterrakete. Die hochgeht und kurz \u00fcber dem Boden mit einem lauten Knall (ohne all das Feuer und das bunte Licht) explodiert und ausgebrannt auf den Boden knallt.<br>Das schlechte Gef\u00fchl es nicht richtig zu f\u00fchlen. Eine Eingeschr\u00e4nktheit, von der ich weiss und ich weiss, nichts daran \u00e4ndern zu k\u00f6nnen. Ich k\u00f6nnte mir die Vulva meiner Frau anschauen und versenke f\u00f6rmlich in ihr. Das Weiche und Tiefe kann ich bei mir nicht erahnen. Nur wenn ich mich rektal befriedige geht es etwas in die Richtung. Das Beben und rhythmische Pulsieren.<br>Ich sch\u00e4me mich f\u00fcr mein Genital. Aber wie kann ich mich f\u00fcr etwas sch\u00e4men, was nicht mir geh\u00f6rt? Ich kann es mir nicht wegdenken. Es ist da. Mein Augensinn sagt es ist da. Mein Kopf behauptet das Gegenteil. Was nun. Es l\u00f6st einen Schmerz aus, den ich nicht als Schmerz in dem Sinne f\u00fchle, sondern vielleicht als die Sehnsucht oder Leiden, nicht vollkommen zu sein. Aber dies tut trotzdem sehr weh und bestimmt mich seit meiner Pubert\u00e4t.<br>Ich trage etwas Primitives bei mir. Es lebt nur f\u00fcr den n\u00e4chsten Schuss, wie ein Junkie. Jeder Schuss ist gleich. Ein einfaches Rezept. Da etwas kochen bis das Eiweiss hart wird. Dann kommt es mit einmal, zweimal, dreimal Kontraktion in die Luft geschossen. Keine Erogenen Zonen. Kein Zusammenspiel von den verschiedenen K\u00f6rperregionen, die ihren Anteil haben und diese Lust bis zum H\u00f6hepunkt mit Leidenschaft verkn\u00fcpfen. Je schneller je besser ist die Devise. Je fester und gr\u00f6sser desto potenter und geiler.<\/p>\n\n\n\n<p><br>Mir fehlt die Weichheit, der Ort der Geborgenheit. Ein Platz an dem alles noch so B\u00f6se und Scharfe verschwindet. Ich vermisse, kann ich etwas vermissen was ich nie besessen habe? Woher weiss ich, dass ich es vermisse? Ich kann mir die Frage nicht beantworten. Was ich beantworten kann ist, dass mir der Einklang zwischen dem Kopf und dem K\u00f6rper fehlt. Das was ich mitbringe und mir geh\u00f6ren sollte, ist spitz und hart wie ein Knochen. Immer darauf aus zu penetrieren. Einlochen und fertig. Immer und immer wieder werde ich daran erinnert.<\/p>\n\n\n\n<p><br>Was ich auch tue, es \u00e4ndert sich nicht.<\/p>\n\n\n\n<p><br>Vielleicht ist die Diskrepanz mit der FFS noch etwas weiter auseinander gegangen. Es stimmt noch weniger als vorher. Ich kann mich von dem ablenken, ich kann mich f\u00fcr einen kurzen Moment betr\u00fcgen und doch ist alles so, wie der Rest der Welt mich nackt sehen w\u00fcrde.<\/p>\n","protected":false},"excerpt":{"rendered":"<p>Ich denke die genitale Zone ist bei mir als Transfrau, ein Ort mit dem ich mich nicht allzu lange befassen m\u00f6chte oder je befasst habe. Und wenn ich es tue, geht es darum es in Frage zu stellen.Ein Ort, der bei mir nicht das ist was ich im Kopf habe. [&hellip;]<\/p>\n","protected":false},"author":2,"featured_media":7,"parent":65,"menu_order":10,"comment_status":"closed","ping_status":"closed","template":"","meta":[],"yoast_head":"<!-- This site is optimized with the Yoast SEO plugin v21.8.1 - https:\/\/yoast.com\/wordpress\/plugins\/seo\/ -->\n<title>Tanja vor ihrer SRS - Transfachstelle Luzern<\/title>\n<meta name=\"robots\" content=\"index, follow, max-snippet:-1, max-image-preview:large, max-video-preview:-1\" \/>\n<link rel=\"canonical\" href=\"https:\/\/trans-luzern.ch\/?page_id=102\" \/>\n<meta property=\"og:locale\" content=\"de_DE\" \/>\n<meta property=\"og:type\" content=\"article\" \/>\n<meta property=\"og:title\" content=\"Tanja vor ihrer SRS - Transfachstelle Luzern\" \/>\n<meta property=\"og:description\" content=\"Ich denke die genitale Zone ist bei mir als Transfrau, ein Ort mit dem ich mich nicht allzu lange befassen m\u00f6chte oder je befasst habe. Und wenn ich es tue, geht es darum es in Frage zu stellen.Ein Ort, der bei mir nicht das ist was ich im Kopf habe. [&hellip;]\" \/>\n<meta property=\"og:url\" content=\"https:\/\/trans-luzern.ch\/?page_id=102\" \/>\n<meta property=\"og:site_name\" content=\"Transfachstelle Luzern\" \/>\n<meta property=\"article:modified_time\" content=\"2023-05-27T15:04:41+00:00\" \/>\n<meta property=\"og:image\" content=\"https:\/\/trans-luzern.ch\/wp-content\/uploads\/2023\/05\/europe-ga97c14118_1280.jpg\" \/>\n\t<meta property=\"og:image:width\" content=\"1280\" \/>\n\t<meta property=\"og:image:height\" content=\"853\" \/>\n\t<meta property=\"og:image:type\" content=\"image\/jpeg\" \/>\n<meta name=\"twitter:card\" content=\"summary_large_image\" \/>\n<meta name=\"twitter:label1\" content=\"Gesch\u00e4tzte Lesezeit\" \/>\n\t<meta name=\"twitter:data1\" content=\"4\u00a0Minuten\" \/>\n<script type=\"application\/ld+json\" class=\"yoast-schema-graph\">{\"@context\":\"https:\/\/schema.org\",\"@graph\":[{\"@type\":\"WebPage\",\"@id\":\"https:\/\/trans-luzern.ch\/?page_id=102\",\"url\":\"https:\/\/trans-luzern.ch\/?page_id=102\",\"name\":\"Tanja vor ihrer SRS - Transfachstelle Luzern\",\"isPartOf\":{\"@id\":\"https:\/\/trans-luzern.ch\/#website\"},\"datePublished\":\"2023-05-27T12:02:30+00:00\",\"dateModified\":\"2023-05-27T15:04:41+00:00\",\"breadcrumb\":{\"@id\":\"https:\/\/trans-luzern.ch\/?page_id=102#breadcrumb\"},\"inLanguage\":\"de\",\"potentialAction\":[{\"@type\":\"ReadAction\",\"target\":[\"https:\/\/trans-luzern.ch\/?page_id=102\"]}]},{\"@type\":\"BreadcrumbList\",\"@id\":\"https:\/\/trans-luzern.ch\/?page_id=102#breadcrumb\",\"itemListElement\":[{\"@type\":\"ListItem\",\"position\":1,\"name\":\"Startseite\",\"item\":\"https:\/\/trans-luzern.ch\/\"},{\"@type\":\"ListItem\",\"position\":2,\"name\":\"Das TransDok-Projekt\",\"item\":\"https:\/\/trans-luzern.ch\/?page_id=65\"},{\"@type\":\"ListItem\",\"position\":3,\"name\":\"Tanja vor ihrer SRS\"}]},{\"@type\":\"WebSite\",\"@id\":\"https:\/\/trans-luzern.ch\/#website\",\"url\":\"https:\/\/trans-luzern.ch\/\",\"name\":\"Transfachstelle Luzern\",\"description\":\"\",\"potentialAction\":[{\"@type\":\"SearchAction\",\"target\":{\"@type\":\"EntryPoint\",\"urlTemplate\":\"https:\/\/trans-luzern.ch\/?s={search_term_string}\"},\"query-input\":\"required name=search_term_string\"}],\"inLanguage\":\"de\"}]}<\/script>\n<!-- \/ Yoast SEO plugin. -->","yoast_head_json":{"title":"Tanja vor ihrer SRS - Transfachstelle Luzern","robots":{"index":"index","follow":"follow","max-snippet":"max-snippet:-1","max-image-preview":"max-image-preview:large","max-video-preview":"max-video-preview:-1"},"canonical":"https:\/\/trans-luzern.ch\/?page_id=102","og_locale":"de_DE","og_type":"article","og_title":"Tanja vor ihrer SRS - Transfachstelle Luzern","og_description":"Ich denke die genitale Zone ist bei mir als Transfrau, ein Ort mit dem ich mich nicht allzu lange befassen m\u00f6chte oder je befasst habe. Und wenn ich es tue, geht es darum es in Frage zu stellen.Ein Ort, der bei mir nicht das ist was ich im Kopf habe. [&hellip;]","og_url":"https:\/\/trans-luzern.ch\/?page_id=102","og_site_name":"Transfachstelle Luzern","article_modified_time":"2023-05-27T15:04:41+00:00","og_image":[{"width":1280,"height":853,"url":"https:\/\/trans-luzern.ch\/wp-content\/uploads\/2023\/05\/europe-ga97c14118_1280.jpg","type":"image\/jpeg"}],"twitter_card":"summary_large_image","twitter_misc":{"Gesch\u00e4tzte Lesezeit":"4\u00a0Minuten"},"schema":{"@context":"https:\/\/schema.org","@graph":[{"@type":"WebPage","@id":"https:\/\/trans-luzern.ch\/?page_id=102","url":"https:\/\/trans-luzern.ch\/?page_id=102","name":"Tanja vor ihrer SRS - Transfachstelle Luzern","isPartOf":{"@id":"https:\/\/trans-luzern.ch\/#website"},"datePublished":"2023-05-27T12:02:30+00:00","dateModified":"2023-05-27T15:04:41+00:00","breadcrumb":{"@id":"https:\/\/trans-luzern.ch\/?page_id=102#breadcrumb"},"inLanguage":"de","potentialAction":[{"@type":"ReadAction","target":["https:\/\/trans-luzern.ch\/?page_id=102"]}]},{"@type":"BreadcrumbList","@id":"https:\/\/trans-luzern.ch\/?page_id=102#breadcrumb","itemListElement":[{"@type":"ListItem","position":1,"name":"Startseite","item":"https:\/\/trans-luzern.ch\/"},{"@type":"ListItem","position":2,"name":"Das TransDok-Projekt","item":"https:\/\/trans-luzern.ch\/?page_id=65"},{"@type":"ListItem","position":3,"name":"Tanja vor ihrer SRS"}]},{"@type":"WebSite","@id":"https:\/\/trans-luzern.ch\/#website","url":"https:\/\/trans-luzern.ch\/","name":"Transfachstelle Luzern","description":"","potentialAction":[{"@type":"SearchAction","target":{"@type":"EntryPoint","urlTemplate":"https:\/\/trans-luzern.ch\/?s={search_term_string}"},"query-input":"required name=search_term_string"}],"inLanguage":"de"}]}},"_links":{"self":[{"href":"https:\/\/trans-luzern.ch\/index.php?rest_route=\/wp\/v2\/pages\/102"}],"collection":[{"href":"https:\/\/trans-luzern.ch\/index.php?rest_route=\/wp\/v2\/pages"}],"about":[{"href":"https:\/\/trans-luzern.ch\/index.php?rest_route=\/wp\/v2\/types\/page"}],"author":[{"embeddable":true,"href":"https:\/\/trans-luzern.ch\/index.php?rest_route=\/wp\/v2\/users\/2"}],"replies":[{"embeddable":true,"href":"https:\/\/trans-luzern.ch\/index.php?rest_route=%2Fwp%2Fv2%2Fcomments&post=102"}],"version-history":[{"count":1,"href":"https:\/\/trans-luzern.ch\/index.php?rest_route=\/wp\/v2\/pages\/102\/revisions"}],"predecessor-version":[{"id":103,"href":"https:\/\/trans-luzern.ch\/index.php?rest_route=\/wp\/v2\/pages\/102\/revisions\/103"}],"up":[{"embeddable":true,"href":"https:\/\/trans-luzern.ch\/index.php?rest_route=\/wp\/v2\/pages\/65"}],"wp:featuredmedia":[{"embeddable":true,"href":"https:\/\/trans-luzern.ch\/index.php?rest_route=\/wp\/v2\/media\/7"}],"wp:attachment":[{"href":"https:\/\/trans-luzern.ch\/index.php?rest_route=%2Fwp%2Fv2%2Fmedia&parent=102"}],"curies":[{"name":"wp","href":"https:\/\/api.w.org\/{rel}","templated":true}]}}