{"id":110,"date":"2023-05-27T12:02:30","date_gmt":"2023-05-27T12:02:30","guid":{"rendered":"https:\/\/trans-luzern.ch\/?page_id=110"},"modified":"2023-05-27T15:09:56","modified_gmt":"2023-05-27T15:09:56","slug":"sample-page-1-5-6-7-9-10-11-12-14-15","status":"publish","type":"page","link":"https:\/\/trans-luzern.ch\/?page_id=110","title":{"rendered":"Christines Gesichtsdiskrepanzen"},"content":{"rendered":"\n<p>Wenn ich morgens aufstehe und mich im Spiegel sehe, schaut mich da jemand an, der absolut nicht \u00abich\u00bb bin. In tiefen H\u00f6hlen verstecken sich die Augen hinter einem hervorstehenden Stirnknochen. Die Nase ragt dominierend \u00fcber alles ins Zentrum und gibt eine H\u00e4rte, welche so gar nichts mit mir zu tun hat. Auch dieser breite Kiefer und die tiefen Falten geben mir den Eindruck, als ob da Charles Bronson pers\u00f6nlich anwesend sei.<\/p>\n\n\n\n<p>Ein Gesicht aus fr\u00fcherer Zeit, als ich noch im K\u00f6rper eines Mannes leben musste. Mit einer Frau hat all das gar nichts zu tun. Dies stimmt mich dann sehr traurig und deprimierend, denn mittlerweile sind viele Diskrepanzen durch die Hormontherapie, die geschlechtsangleichende OP, den Brustaufbau, die Anpassung der Stimme und die Entfernung der m\u00e4nnlichen Haare aufgehoben.<\/p>\n\n\n\n<p>Doch das Gesicht hat sich leider nicht ver\u00e4ndert. Noch immer ist da dieser Mann zu sehen. Wenn ich mich dann schminke, kann ich mir f\u00fcr eine kurze Zeit eine Art Vexierbild zusammenbasteln und mir mit viel Vorstellungskraft eine gewisse Weiblichkeit vorgaukeln. Doch die Wirkung h\u00e4lt meist nicht lange an.<\/p>\n\n\n\n<p>Es braucht viel zu viel Energie, dieses Bild aufrecht zu erhalten, Energie, die ich f\u00fcr die Arbeit und die allt\u00e4glichen Aufgaben br\u00e4uchte. Diese stetige Belastung ist zu einem ernsthaften Hindernis geworden.<\/p>\n\n\n\n<p>Stets schwebt da diese Diskrepanz \u00fcber mir wie ein Geier, der nur darauf wartet, im richtigen Moment zuzuschlagen, und mich bei lebendigem Leib zu verspeisen. Mein Leben ist eine Gratwanderung geworden, ich dachte, dass ich nach den oben beschriebenen Schritten nun frei sei, entronnen aus dem Gef\u00e4ngnis, das dieser m\u00e4nnliche K\u00f6rper f\u00fcr mich war. Doch da ist diese letzte H\u00fcrde, die es noch zu \u00fcberwinden gilt. Denn nur durch die Entfernung dieser m\u00e4nnlichen Merkmale kann ich wirklich ein Leben als Frau f\u00fchren. Wenn ich jedoch an diesem Punkt stehen bleibe, sind all die vorherigen Bem\u00fchungen in Frage gestellt.<\/p>\n","protected":false},"excerpt":{"rendered":"<p>Wenn ich morgens aufstehe und mich im Spiegel sehe, schaut mich da jemand an, der absolut nicht \u00abich\u00bb bin. In tiefen H\u00f6hlen verstecken sich die Augen hinter einem hervorstehenden Stirnknochen. Die Nase ragt dominierend \u00fcber alles ins Zentrum und gibt eine H\u00e4rte, welche so gar nichts mit mir zu tun [&hellip;]<\/p>\n","protected":false},"author":2,"featured_media":7,"parent":65,"menu_order":10,"comment_status":"closed","ping_status":"closed","template":"","meta":[],"yoast_head":"<!-- This site is optimized with the Yoast SEO plugin v21.8.1 - https:\/\/yoast.com\/wordpress\/plugins\/seo\/ -->\n<title>Christines Gesichtsdiskrepanzen - Transfachstelle Luzern<\/title>\n<meta name=\"robots\" content=\"index, follow, max-snippet:-1, max-image-preview:large, max-video-preview:-1\" \/>\n<link rel=\"canonical\" href=\"https:\/\/trans-luzern.ch\/?page_id=110\" \/>\n<meta property=\"og:locale\" content=\"de_DE\" \/>\n<meta property=\"og:type\" content=\"article\" \/>\n<meta property=\"og:title\" content=\"Christines Gesichtsdiskrepanzen - Transfachstelle Luzern\" \/>\n<meta property=\"og:description\" content=\"Wenn ich morgens aufstehe und mich im Spiegel sehe, schaut mich da jemand an, der absolut nicht \u00abich\u00bb bin. In tiefen H\u00f6hlen verstecken sich die Augen hinter einem hervorstehenden Stirnknochen. Die Nase ragt dominierend \u00fcber alles ins Zentrum und gibt eine H\u00e4rte, welche so gar nichts mit mir zu tun [&hellip;]\" \/>\n<meta property=\"og:url\" content=\"https:\/\/trans-luzern.ch\/?page_id=110\" \/>\n<meta property=\"og:site_name\" content=\"Transfachstelle Luzern\" \/>\n<meta property=\"article:modified_time\" content=\"2023-05-27T15:09:56+00:00\" \/>\n<meta property=\"og:image\" content=\"https:\/\/trans-luzern.ch\/wp-content\/uploads\/2023\/05\/europe-ga97c14118_1280.jpg\" \/>\n\t<meta property=\"og:image:width\" content=\"1280\" \/>\n\t<meta property=\"og:image:height\" content=\"853\" \/>\n\t<meta property=\"og:image:type\" content=\"image\/jpeg\" \/>\n<meta name=\"twitter:card\" content=\"summary_large_image\" \/>\n<meta name=\"twitter:label1\" content=\"Gesch\u00e4tzte Lesezeit\" \/>\n\t<meta name=\"twitter:data1\" content=\"2\u00a0Minuten\" \/>\n<script type=\"application\/ld+json\" class=\"yoast-schema-graph\">{\"@context\":\"https:\/\/schema.org\",\"@graph\":[{\"@type\":\"WebPage\",\"@id\":\"https:\/\/trans-luzern.ch\/?page_id=110\",\"url\":\"https:\/\/trans-luzern.ch\/?page_id=110\",\"name\":\"Christines Gesichtsdiskrepanzen - Transfachstelle Luzern\",\"isPartOf\":{\"@id\":\"https:\/\/trans-luzern.ch\/#website\"},\"datePublished\":\"2023-05-27T12:02:30+00:00\",\"dateModified\":\"2023-05-27T15:09:56+00:00\",\"breadcrumb\":{\"@id\":\"https:\/\/trans-luzern.ch\/?page_id=110#breadcrumb\"},\"inLanguage\":\"de\",\"potentialAction\":[{\"@type\":\"ReadAction\",\"target\":[\"https:\/\/trans-luzern.ch\/?page_id=110\"]}]},{\"@type\":\"BreadcrumbList\",\"@id\":\"https:\/\/trans-luzern.ch\/?page_id=110#breadcrumb\",\"itemListElement\":[{\"@type\":\"ListItem\",\"position\":1,\"name\":\"Startseite\",\"item\":\"https:\/\/trans-luzern.ch\/\"},{\"@type\":\"ListItem\",\"position\":2,\"name\":\"Das TransDok-Projekt\",\"item\":\"https:\/\/trans-luzern.ch\/?page_id=65\"},{\"@type\":\"ListItem\",\"position\":3,\"name\":\"Christines Gesichtsdiskrepanzen\"}]},{\"@type\":\"WebSite\",\"@id\":\"https:\/\/trans-luzern.ch\/#website\",\"url\":\"https:\/\/trans-luzern.ch\/\",\"name\":\"Transfachstelle Luzern\",\"description\":\"\",\"potentialAction\":[{\"@type\":\"SearchAction\",\"target\":{\"@type\":\"EntryPoint\",\"urlTemplate\":\"https:\/\/trans-luzern.ch\/?s={search_term_string}\"},\"query-input\":\"required name=search_term_string\"}],\"inLanguage\":\"de\"}]}<\/script>\n<!-- \/ Yoast SEO plugin. -->","yoast_head_json":{"title":"Christines Gesichtsdiskrepanzen - Transfachstelle Luzern","robots":{"index":"index","follow":"follow","max-snippet":"max-snippet:-1","max-image-preview":"max-image-preview:large","max-video-preview":"max-video-preview:-1"},"canonical":"https:\/\/trans-luzern.ch\/?page_id=110","og_locale":"de_DE","og_type":"article","og_title":"Christines Gesichtsdiskrepanzen - Transfachstelle Luzern","og_description":"Wenn ich morgens aufstehe und mich im Spiegel sehe, schaut mich da jemand an, der absolut nicht \u00abich\u00bb bin. In tiefen H\u00f6hlen verstecken sich die Augen hinter einem hervorstehenden Stirnknochen. Die Nase ragt dominierend \u00fcber alles ins Zentrum und gibt eine H\u00e4rte, welche so gar nichts mit mir zu tun [&hellip;]","og_url":"https:\/\/trans-luzern.ch\/?page_id=110","og_site_name":"Transfachstelle Luzern","article_modified_time":"2023-05-27T15:09:56+00:00","og_image":[{"width":1280,"height":853,"url":"https:\/\/trans-luzern.ch\/wp-content\/uploads\/2023\/05\/europe-ga97c14118_1280.jpg","type":"image\/jpeg"}],"twitter_card":"summary_large_image","twitter_misc":{"Gesch\u00e4tzte Lesezeit":"2\u00a0Minuten"},"schema":{"@context":"https:\/\/schema.org","@graph":[{"@type":"WebPage","@id":"https:\/\/trans-luzern.ch\/?page_id=110","url":"https:\/\/trans-luzern.ch\/?page_id=110","name":"Christines Gesichtsdiskrepanzen - Transfachstelle Luzern","isPartOf":{"@id":"https:\/\/trans-luzern.ch\/#website"},"datePublished":"2023-05-27T12:02:30+00:00","dateModified":"2023-05-27T15:09:56+00:00","breadcrumb":{"@id":"https:\/\/trans-luzern.ch\/?page_id=110#breadcrumb"},"inLanguage":"de","potentialAction":[{"@type":"ReadAction","target":["https:\/\/trans-luzern.ch\/?page_id=110"]}]},{"@type":"BreadcrumbList","@id":"https:\/\/trans-luzern.ch\/?page_id=110#breadcrumb","itemListElement":[{"@type":"ListItem","position":1,"name":"Startseite","item":"https:\/\/trans-luzern.ch\/"},{"@type":"ListItem","position":2,"name":"Das TransDok-Projekt","item":"https:\/\/trans-luzern.ch\/?page_id=65"},{"@type":"ListItem","position":3,"name":"Christines Gesichtsdiskrepanzen"}]},{"@type":"WebSite","@id":"https:\/\/trans-luzern.ch\/#website","url":"https:\/\/trans-luzern.ch\/","name":"Transfachstelle Luzern","description":"","potentialAction":[{"@type":"SearchAction","target":{"@type":"EntryPoint","urlTemplate":"https:\/\/trans-luzern.ch\/?s={search_term_string}"},"query-input":"required name=search_term_string"}],"inLanguage":"de"}]}},"_links":{"self":[{"href":"https:\/\/trans-luzern.ch\/index.php?rest_route=\/wp\/v2\/pages\/110"}],"collection":[{"href":"https:\/\/trans-luzern.ch\/index.php?rest_route=\/wp\/v2\/pages"}],"about":[{"href":"https:\/\/trans-luzern.ch\/index.php?rest_route=\/wp\/v2\/types\/page"}],"author":[{"embeddable":true,"href":"https:\/\/trans-luzern.ch\/index.php?rest_route=\/wp\/v2\/users\/2"}],"replies":[{"embeddable":true,"href":"https:\/\/trans-luzern.ch\/index.php?rest_route=%2Fwp%2Fv2%2Fcomments&post=110"}],"version-history":[{"count":1,"href":"https:\/\/trans-luzern.ch\/index.php?rest_route=\/wp\/v2\/pages\/110\/revisions"}],"predecessor-version":[{"id":111,"href":"https:\/\/trans-luzern.ch\/index.php?rest_route=\/wp\/v2\/pages\/110\/revisions\/111"}],"up":[{"embeddable":true,"href":"https:\/\/trans-luzern.ch\/index.php?rest_route=\/wp\/v2\/pages\/65"}],"wp:featuredmedia":[{"embeddable":true,"href":"https:\/\/trans-luzern.ch\/index.php?rest_route=\/wp\/v2\/media\/7"}],"wp:attachment":[{"href":"https:\/\/trans-luzern.ch\/index.php?rest_route=%2Fwp%2Fv2%2Fmedia&parent=110"}],"curies":[{"name":"wp","href":"https:\/\/api.w.org\/{rel}","templated":true}]}}