{"id":122,"date":"2023-05-27T12:02:30","date_gmt":"2023-05-27T12:02:30","guid":{"rendered":"https:\/\/trans-luzern.ch\/?page_id=122"},"modified":"2023-05-27T15:19:29","modified_gmt":"2023-05-27T15:19:29","slug":"sample-page-1-5-6-7-9-10-11-12-14-18","status":"publish","type":"page","link":"https:\/\/trans-luzern.ch\/?page_id=122","title":{"rendered":"Sinas Stimmdiskrepanzen"},"content":{"rendered":"\n<p>Meine laute M\u00e4nnerstimme ist peinlich. Ich sp\u00fcre starke \u00c4ngstlichkeit beim Benutzen des weiblichen Stimmmodus (Unsicherheit). Mich st\u00f6rt meine m\u00e4nnliche Stimme. Die ist wie ein gro\u00dfer Stein. Rau kantig schwer. Beim Telefonieren, wenn ich unter Stress stehe ist meine Stimme brummig und noch unweiblicher. Mich st\u00f6rt die instabile weibliche H\u00f6he, meine Stimme kippt fr\u00fcher oder sp\u00e4ter weg. Meine Stimme steht meinem Leben als Frau im Wege. Ich vermeide es von Person zu Person zu kommunizieren. Wenn ich mit meiner m\u00e4nnlichen Stimme spreche, besonders gegen\u00fcber Fremden, bin ich sehr angespannt. Die Spannung steigt, wenn ich meine Stimme im Audio h\u00f6re. Meine Stimme wird kratzig und m\u00fcde, wenn ich mit meiner weiblichen Stimme spreche. Mit meiner derzeitigen Stimme habe ich keine Chance von anderen als Frau erkannt zu werden. Ich komme beim Sprechen nicht ann\u00e4hernd in die richtige Stimmh\u00f6he. Besonders beim Sprechen mit Fremden, Verwandten und Freunden dr\u00e4ngt sich mir ein Gef\u00fchl der Beklommenheit auf. Wenn ich mich in der \u00d6ffentlichkeit bewege, achte ich darauf nicht viel oder gar nicht zu sprechen. Solange m\u00f6glich vermeide ich es sogar. Meine weibliche Stimme klingt k\u00fcnstlich. Selbst mit hoher Konzentration bringe ich es nicht so hin, dass meine Stimme sich anh\u00f6rt wie ich es f\u00fcr notwendig erachte. Nicht den Klang meiner weiblichen Stimme zu erreichen ist eine gro\u00dfe Qual f\u00fcr mich. Im sozialen Leben gehe ich jedem. Zwischenmenschlichem Kontakt aus dem Weg, um nicht meine derzeitige Stimme zu offenbaren. Ohne Konzentration sinkt meine Stimme auf eine sehr tiefe Stimmlage ab. Ich werde st\u00e4ndig an meine scheu\u00dfliche, m\u00e4nnliche Stimme erinnert. Bei jedem Ton, den ich wiedergebe, ist jedem in meinem Umfeld sofort klar, dass ich nicht als Frau geboren wurde. Jedes Mal, wenn ich dazu gezwungen bin meine Stimme zu benutzen, riskiere ich komische Blicke. Ich gebe mir gro\u00dfe M\u00fche meine Stimme zu verstecken. W\u00e4hrend der Arbeit verbringe ich viel Zeit am Telefon. Mir tut dabei jede Sekunde weh, weil ich den Kunden nicht mit meiner wahren Stimme begegnen kann. Meine Stimme passt weder zu meinem inneren noch zu meinem \u00e4u\u00dferen Erscheinungsbild.<\/p>\n\n\n\n<p>Im Kontakt mit der \u00d6ffentlichkeit achte ich darauf meine Stimme nur dann zu ben\u00fctzen, wenn es wirklich sein muss. Wenn ich mit Fremden spreche ist mir sofort klar, dass sie denken ich sei ein Mann. Wenn ich gezwungen bin mit meiner M\u00e4nnerstimme zu sprechen f\u00fchle ich mich sehr niedergeschlagen und l\u00e4cherlich. Mit den Mitteln, welche meine Stimme mir zur Verf\u00fcgung stellt, ist es mir unm\u00f6glich einen vollumf\u00e4nglichen weiblichen Klang abzugeben. Wegen meiner Stimme f\u00fchle ich mich oft missverstanden. Momentan ist meine Stimme: sehr m\u00e4nnlich. Idealerweise kl\u00e4nge meine Stimme: sehr weiblich.<\/p>\n","protected":false},"excerpt":{"rendered":"<p>Meine laute M\u00e4nnerstimme ist peinlich. Ich sp\u00fcre starke \u00c4ngstlichkeit beim Benutzen des weiblichen Stimmmodus (Unsicherheit). Mich st\u00f6rt meine m\u00e4nnliche Stimme. Die ist wie ein gro\u00dfer Stein. Rau kantig schwer. Beim Telefonieren, wenn ich unter Stress stehe ist meine Stimme brummig und noch unweiblicher. Mich st\u00f6rt die instabile weibliche H\u00f6he, meine [&hellip;]<\/p>\n","protected":false},"author":2,"featured_media":7,"parent":65,"menu_order":10,"comment_status":"closed","ping_status":"closed","template":"","meta":[],"yoast_head":"<!-- This site is optimized with the Yoast SEO plugin v21.8.1 - https:\/\/yoast.com\/wordpress\/plugins\/seo\/ -->\n<title>Sinas Stimmdiskrepanzen - Transfachstelle Luzern<\/title>\n<meta name=\"robots\" content=\"index, follow, max-snippet:-1, max-image-preview:large, max-video-preview:-1\" \/>\n<link rel=\"canonical\" href=\"https:\/\/trans-luzern.ch\/?page_id=122\" \/>\n<meta property=\"og:locale\" content=\"de_DE\" \/>\n<meta property=\"og:type\" content=\"article\" \/>\n<meta property=\"og:title\" content=\"Sinas Stimmdiskrepanzen - Transfachstelle Luzern\" \/>\n<meta property=\"og:description\" content=\"Meine laute M\u00e4nnerstimme ist peinlich. Ich sp\u00fcre starke \u00c4ngstlichkeit beim Benutzen des weiblichen Stimmmodus (Unsicherheit). Mich st\u00f6rt meine m\u00e4nnliche Stimme. Die ist wie ein gro\u00dfer Stein. Rau kantig schwer. Beim Telefonieren, wenn ich unter Stress stehe ist meine Stimme brummig und noch unweiblicher. Mich st\u00f6rt die instabile weibliche H\u00f6he, meine [&hellip;]\" \/>\n<meta property=\"og:url\" content=\"https:\/\/trans-luzern.ch\/?page_id=122\" \/>\n<meta property=\"og:site_name\" content=\"Transfachstelle Luzern\" \/>\n<meta property=\"article:modified_time\" content=\"2023-05-27T15:19:29+00:00\" \/>\n<meta property=\"og:image\" content=\"https:\/\/trans-luzern.ch\/wp-content\/uploads\/2023\/05\/europe-ga97c14118_1280.jpg\" \/>\n\t<meta property=\"og:image:width\" content=\"1280\" \/>\n\t<meta property=\"og:image:height\" content=\"853\" \/>\n\t<meta property=\"og:image:type\" content=\"image\/jpeg\" \/>\n<meta name=\"twitter:card\" content=\"summary_large_image\" \/>\n<meta name=\"twitter:label1\" content=\"Gesch\u00e4tzte Lesezeit\" \/>\n\t<meta name=\"twitter:data1\" content=\"3\u00a0Minuten\" \/>\n<script type=\"application\/ld+json\" class=\"yoast-schema-graph\">{\"@context\":\"https:\/\/schema.org\",\"@graph\":[{\"@type\":\"WebPage\",\"@id\":\"https:\/\/trans-luzern.ch\/?page_id=122\",\"url\":\"https:\/\/trans-luzern.ch\/?page_id=122\",\"name\":\"Sinas Stimmdiskrepanzen - Transfachstelle Luzern\",\"isPartOf\":{\"@id\":\"https:\/\/trans-luzern.ch\/#website\"},\"datePublished\":\"2023-05-27T12:02:30+00:00\",\"dateModified\":\"2023-05-27T15:19:29+00:00\",\"breadcrumb\":{\"@id\":\"https:\/\/trans-luzern.ch\/?page_id=122#breadcrumb\"},\"inLanguage\":\"de\",\"potentialAction\":[{\"@type\":\"ReadAction\",\"target\":[\"https:\/\/trans-luzern.ch\/?page_id=122\"]}]},{\"@type\":\"BreadcrumbList\",\"@id\":\"https:\/\/trans-luzern.ch\/?page_id=122#breadcrumb\",\"itemListElement\":[{\"@type\":\"ListItem\",\"position\":1,\"name\":\"Startseite\",\"item\":\"https:\/\/trans-luzern.ch\/\"},{\"@type\":\"ListItem\",\"position\":2,\"name\":\"Das TransDok-Projekt\",\"item\":\"https:\/\/trans-luzern.ch\/?page_id=65\"},{\"@type\":\"ListItem\",\"position\":3,\"name\":\"Sinas Stimmdiskrepanzen\"}]},{\"@type\":\"WebSite\",\"@id\":\"https:\/\/trans-luzern.ch\/#website\",\"url\":\"https:\/\/trans-luzern.ch\/\",\"name\":\"Transfachstelle Luzern\",\"description\":\"\",\"potentialAction\":[{\"@type\":\"SearchAction\",\"target\":{\"@type\":\"EntryPoint\",\"urlTemplate\":\"https:\/\/trans-luzern.ch\/?s={search_term_string}\"},\"query-input\":\"required name=search_term_string\"}],\"inLanguage\":\"de\"}]}<\/script>\n<!-- \/ Yoast SEO plugin. -->","yoast_head_json":{"title":"Sinas Stimmdiskrepanzen - Transfachstelle Luzern","robots":{"index":"index","follow":"follow","max-snippet":"max-snippet:-1","max-image-preview":"max-image-preview:large","max-video-preview":"max-video-preview:-1"},"canonical":"https:\/\/trans-luzern.ch\/?page_id=122","og_locale":"de_DE","og_type":"article","og_title":"Sinas Stimmdiskrepanzen - Transfachstelle Luzern","og_description":"Meine laute M\u00e4nnerstimme ist peinlich. Ich sp\u00fcre starke \u00c4ngstlichkeit beim Benutzen des weiblichen Stimmmodus (Unsicherheit). Mich st\u00f6rt meine m\u00e4nnliche Stimme. Die ist wie ein gro\u00dfer Stein. Rau kantig schwer. Beim Telefonieren, wenn ich unter Stress stehe ist meine Stimme brummig und noch unweiblicher. Mich st\u00f6rt die instabile weibliche H\u00f6he, meine [&hellip;]","og_url":"https:\/\/trans-luzern.ch\/?page_id=122","og_site_name":"Transfachstelle Luzern","article_modified_time":"2023-05-27T15:19:29+00:00","og_image":[{"width":1280,"height":853,"url":"https:\/\/trans-luzern.ch\/wp-content\/uploads\/2023\/05\/europe-ga97c14118_1280.jpg","type":"image\/jpeg"}],"twitter_card":"summary_large_image","twitter_misc":{"Gesch\u00e4tzte Lesezeit":"3\u00a0Minuten"},"schema":{"@context":"https:\/\/schema.org","@graph":[{"@type":"WebPage","@id":"https:\/\/trans-luzern.ch\/?page_id=122","url":"https:\/\/trans-luzern.ch\/?page_id=122","name":"Sinas Stimmdiskrepanzen - Transfachstelle Luzern","isPartOf":{"@id":"https:\/\/trans-luzern.ch\/#website"},"datePublished":"2023-05-27T12:02:30+00:00","dateModified":"2023-05-27T15:19:29+00:00","breadcrumb":{"@id":"https:\/\/trans-luzern.ch\/?page_id=122#breadcrumb"},"inLanguage":"de","potentialAction":[{"@type":"ReadAction","target":["https:\/\/trans-luzern.ch\/?page_id=122"]}]},{"@type":"BreadcrumbList","@id":"https:\/\/trans-luzern.ch\/?page_id=122#breadcrumb","itemListElement":[{"@type":"ListItem","position":1,"name":"Startseite","item":"https:\/\/trans-luzern.ch\/"},{"@type":"ListItem","position":2,"name":"Das TransDok-Projekt","item":"https:\/\/trans-luzern.ch\/?page_id=65"},{"@type":"ListItem","position":3,"name":"Sinas Stimmdiskrepanzen"}]},{"@type":"WebSite","@id":"https:\/\/trans-luzern.ch\/#website","url":"https:\/\/trans-luzern.ch\/","name":"Transfachstelle Luzern","description":"","potentialAction":[{"@type":"SearchAction","target":{"@type":"EntryPoint","urlTemplate":"https:\/\/trans-luzern.ch\/?s={search_term_string}"},"query-input":"required name=search_term_string"}],"inLanguage":"de"}]}},"_links":{"self":[{"href":"https:\/\/trans-luzern.ch\/index.php?rest_route=\/wp\/v2\/pages\/122"}],"collection":[{"href":"https:\/\/trans-luzern.ch\/index.php?rest_route=\/wp\/v2\/pages"}],"about":[{"href":"https:\/\/trans-luzern.ch\/index.php?rest_route=\/wp\/v2\/types\/page"}],"author":[{"embeddable":true,"href":"https:\/\/trans-luzern.ch\/index.php?rest_route=\/wp\/v2\/users\/2"}],"replies":[{"embeddable":true,"href":"https:\/\/trans-luzern.ch\/index.php?rest_route=%2Fwp%2Fv2%2Fcomments&post=122"}],"version-history":[{"count":1,"href":"https:\/\/trans-luzern.ch\/index.php?rest_route=\/wp\/v2\/pages\/122\/revisions"}],"predecessor-version":[{"id":123,"href":"https:\/\/trans-luzern.ch\/index.php?rest_route=\/wp\/v2\/pages\/122\/revisions\/123"}],"up":[{"embeddable":true,"href":"https:\/\/trans-luzern.ch\/index.php?rest_route=\/wp\/v2\/pages\/65"}],"wp:featuredmedia":[{"embeddable":true,"href":"https:\/\/trans-luzern.ch\/index.php?rest_route=\/wp\/v2\/media\/7"}],"wp:attachment":[{"href":"https:\/\/trans-luzern.ch\/index.php?rest_route=%2Fwp%2Fv2%2Fmedia&parent=122"}],"curies":[{"name":"wp","href":"https:\/\/api.w.org\/{rel}","templated":true}]}}