{"id":127,"date":"2023-05-27T12:02:30","date_gmt":"2023-05-27T12:02:30","guid":{"rendered":"https:\/\/trans-luzern.ch\/?page_id=127"},"modified":"2023-05-27T15:22:22","modified_gmt":"2023-05-27T15:22:22","slug":"sample-page-1-5-6-7-9-10-11-12-14-19","status":"publish","type":"page","link":"https:\/\/trans-luzern.ch\/?page_id=127","title":{"rendered":"Elviras Brustdiskrepanzen"},"content":{"rendered":"\n<p>Meine flache Brust erdr\u00fcckt mich, ich empfinde mich eingeengt und eingespannt wie durch eine panzerartige, gef\u00fchllose Metallplatte. Mir fehlt etwas Wesentliches um mit Haltung und Fassung durchs Leben gehen zu k\u00f6nnen. Ich empfinde mich nicht im Lot, da die Weite des Busens, die Oberweite, fehlt. Ich empfinde die Sehnsucht, dass mein wogender Busen mich durchs Leben tr\u00e4gt. Ich sch\u00e4me mich abgrundtief meiner M\u00e4nnerbrust, die ich als geschlechtliche Entstellung erlebe. Meine Phantombr\u00fcste sind real, wenn ich sie empfinde. Ich empfinde Phantombr\u00fcste, die Empfindung ist sehr vage und weist eigentlich nur auf die Anwesenheit dieser Strukturen hin, obwohl sich die Gr\u00f6\u00dfe meiner Phantombr\u00fcste \u00fcberraschend genau anf\u00fchlt. Ich kann die nichtvorhandene Brust mit meinem inneren Auge sehen und wenn ich meinen Oberk\u00f6rper langsam bewege, kann ich sogar die ungef\u00e4hre Gr\u00f6\u00dfe der Br\u00fcste einsch\u00e4tzen. Die Phantombr\u00fcste sind irgendwie geisterhaft. Sie tauchen auf und weg sind sie wieder. Phantombr\u00fcste sp\u00fcre ich als erf\u00fcllend und ausf\u00fcllend, ihr Verschwinden l\u00f6st bei mir tiefe Trauer und Verzweiflung aus.<\/p>\n","protected":false},"excerpt":{"rendered":"<p>Meine flache Brust erdr\u00fcckt mich, ich empfinde mich eingeengt und eingespannt wie durch eine panzerartige, gef\u00fchllose Metallplatte. Mir fehlt etwas Wesentliches um mit Haltung und Fassung durchs Leben gehen zu k\u00f6nnen. Ich empfinde mich nicht im Lot, da die Weite des Busens, die Oberweite, fehlt. Ich empfinde die Sehnsucht, dass [&hellip;]<\/p>\n","protected":false},"author":2,"featured_media":7,"parent":65,"menu_order":10,"comment_status":"closed","ping_status":"closed","template":"","meta":[],"yoast_head":"<!-- This site is optimized with the Yoast SEO plugin v21.8.1 - https:\/\/yoast.com\/wordpress\/plugins\/seo\/ -->\n<title>Elviras Brustdiskrepanzen - Transfachstelle Luzern<\/title>\n<meta name=\"robots\" content=\"index, follow, max-snippet:-1, max-image-preview:large, max-video-preview:-1\" \/>\n<link rel=\"canonical\" href=\"https:\/\/trans-luzern.ch\/?page_id=127\" \/>\n<meta property=\"og:locale\" content=\"de_DE\" \/>\n<meta property=\"og:type\" content=\"article\" \/>\n<meta property=\"og:title\" content=\"Elviras Brustdiskrepanzen - Transfachstelle Luzern\" \/>\n<meta property=\"og:description\" content=\"Meine flache Brust erdr\u00fcckt mich, ich empfinde mich eingeengt und eingespannt wie durch eine panzerartige, gef\u00fchllose Metallplatte. Mir fehlt etwas Wesentliches um mit Haltung und Fassung durchs Leben gehen zu k\u00f6nnen. Ich empfinde mich nicht im Lot, da die Weite des Busens, die Oberweite, fehlt. Ich empfinde die Sehnsucht, dass [&hellip;]\" \/>\n<meta property=\"og:url\" content=\"https:\/\/trans-luzern.ch\/?page_id=127\" \/>\n<meta property=\"og:site_name\" content=\"Transfachstelle Luzern\" \/>\n<meta property=\"article:modified_time\" content=\"2023-05-27T15:22:22+00:00\" \/>\n<meta property=\"og:image\" content=\"https:\/\/trans-luzern.ch\/wp-content\/uploads\/2023\/05\/europe-ga97c14118_1280.jpg\" \/>\n\t<meta property=\"og:image:width\" content=\"1280\" \/>\n\t<meta property=\"og:image:height\" content=\"853\" \/>\n\t<meta property=\"og:image:type\" content=\"image\/jpeg\" \/>\n<meta name=\"twitter:card\" content=\"summary_large_image\" \/>\n<meta name=\"twitter:label1\" content=\"Gesch\u00e4tzte Lesezeit\" \/>\n\t<meta name=\"twitter:data1\" content=\"1\u00a0Minute\" \/>\n<script type=\"application\/ld+json\" class=\"yoast-schema-graph\">{\"@context\":\"https:\/\/schema.org\",\"@graph\":[{\"@type\":\"WebPage\",\"@id\":\"https:\/\/trans-luzern.ch\/?page_id=127\",\"url\":\"https:\/\/trans-luzern.ch\/?page_id=127\",\"name\":\"Elviras Brustdiskrepanzen - Transfachstelle Luzern\",\"isPartOf\":{\"@id\":\"https:\/\/trans-luzern.ch\/#website\"},\"datePublished\":\"2023-05-27T12:02:30+00:00\",\"dateModified\":\"2023-05-27T15:22:22+00:00\",\"breadcrumb\":{\"@id\":\"https:\/\/trans-luzern.ch\/?page_id=127#breadcrumb\"},\"inLanguage\":\"de\",\"potentialAction\":[{\"@type\":\"ReadAction\",\"target\":[\"https:\/\/trans-luzern.ch\/?page_id=127\"]}]},{\"@type\":\"BreadcrumbList\",\"@id\":\"https:\/\/trans-luzern.ch\/?page_id=127#breadcrumb\",\"itemListElement\":[{\"@type\":\"ListItem\",\"position\":1,\"name\":\"Startseite\",\"item\":\"https:\/\/trans-luzern.ch\/\"},{\"@type\":\"ListItem\",\"position\":2,\"name\":\"Das TransDok-Projekt\",\"item\":\"https:\/\/trans-luzern.ch\/?page_id=65\"},{\"@type\":\"ListItem\",\"position\":3,\"name\":\"Elviras Brustdiskrepanzen\"}]},{\"@type\":\"WebSite\",\"@id\":\"https:\/\/trans-luzern.ch\/#website\",\"url\":\"https:\/\/trans-luzern.ch\/\",\"name\":\"Transfachstelle Luzern\",\"description\":\"\",\"potentialAction\":[{\"@type\":\"SearchAction\",\"target\":{\"@type\":\"EntryPoint\",\"urlTemplate\":\"https:\/\/trans-luzern.ch\/?s={search_term_string}\"},\"query-input\":\"required name=search_term_string\"}],\"inLanguage\":\"de\"}]}<\/script>\n<!-- \/ Yoast SEO plugin. -->","yoast_head_json":{"title":"Elviras Brustdiskrepanzen - Transfachstelle Luzern","robots":{"index":"index","follow":"follow","max-snippet":"max-snippet:-1","max-image-preview":"max-image-preview:large","max-video-preview":"max-video-preview:-1"},"canonical":"https:\/\/trans-luzern.ch\/?page_id=127","og_locale":"de_DE","og_type":"article","og_title":"Elviras Brustdiskrepanzen - Transfachstelle Luzern","og_description":"Meine flache Brust erdr\u00fcckt mich, ich empfinde mich eingeengt und eingespannt wie durch eine panzerartige, gef\u00fchllose Metallplatte. Mir fehlt etwas Wesentliches um mit Haltung und Fassung durchs Leben gehen zu k\u00f6nnen. Ich empfinde mich nicht im Lot, da die Weite des Busens, die Oberweite, fehlt. Ich empfinde die Sehnsucht, dass [&hellip;]","og_url":"https:\/\/trans-luzern.ch\/?page_id=127","og_site_name":"Transfachstelle Luzern","article_modified_time":"2023-05-27T15:22:22+00:00","og_image":[{"width":1280,"height":853,"url":"https:\/\/trans-luzern.ch\/wp-content\/uploads\/2023\/05\/europe-ga97c14118_1280.jpg","type":"image\/jpeg"}],"twitter_card":"summary_large_image","twitter_misc":{"Gesch\u00e4tzte Lesezeit":"1\u00a0Minute"},"schema":{"@context":"https:\/\/schema.org","@graph":[{"@type":"WebPage","@id":"https:\/\/trans-luzern.ch\/?page_id=127","url":"https:\/\/trans-luzern.ch\/?page_id=127","name":"Elviras Brustdiskrepanzen - Transfachstelle Luzern","isPartOf":{"@id":"https:\/\/trans-luzern.ch\/#website"},"datePublished":"2023-05-27T12:02:30+00:00","dateModified":"2023-05-27T15:22:22+00:00","breadcrumb":{"@id":"https:\/\/trans-luzern.ch\/?page_id=127#breadcrumb"},"inLanguage":"de","potentialAction":[{"@type":"ReadAction","target":["https:\/\/trans-luzern.ch\/?page_id=127"]}]},{"@type":"BreadcrumbList","@id":"https:\/\/trans-luzern.ch\/?page_id=127#breadcrumb","itemListElement":[{"@type":"ListItem","position":1,"name":"Startseite","item":"https:\/\/trans-luzern.ch\/"},{"@type":"ListItem","position":2,"name":"Das TransDok-Projekt","item":"https:\/\/trans-luzern.ch\/?page_id=65"},{"@type":"ListItem","position":3,"name":"Elviras Brustdiskrepanzen"}]},{"@type":"WebSite","@id":"https:\/\/trans-luzern.ch\/#website","url":"https:\/\/trans-luzern.ch\/","name":"Transfachstelle Luzern","description":"","potentialAction":[{"@type":"SearchAction","target":{"@type":"EntryPoint","urlTemplate":"https:\/\/trans-luzern.ch\/?s={search_term_string}"},"query-input":"required name=search_term_string"}],"inLanguage":"de"}]}},"_links":{"self":[{"href":"https:\/\/trans-luzern.ch\/index.php?rest_route=\/wp\/v2\/pages\/127"}],"collection":[{"href":"https:\/\/trans-luzern.ch\/index.php?rest_route=\/wp\/v2\/pages"}],"about":[{"href":"https:\/\/trans-luzern.ch\/index.php?rest_route=\/wp\/v2\/types\/page"}],"author":[{"embeddable":true,"href":"https:\/\/trans-luzern.ch\/index.php?rest_route=\/wp\/v2\/users\/2"}],"replies":[{"embeddable":true,"href":"https:\/\/trans-luzern.ch\/index.php?rest_route=%2Fwp%2Fv2%2Fcomments&post=127"}],"version-history":[{"count":1,"href":"https:\/\/trans-luzern.ch\/index.php?rest_route=\/wp\/v2\/pages\/127\/revisions"}],"predecessor-version":[{"id":128,"href":"https:\/\/trans-luzern.ch\/index.php?rest_route=\/wp\/v2\/pages\/127\/revisions\/128"}],"up":[{"embeddable":true,"href":"https:\/\/trans-luzern.ch\/index.php?rest_route=\/wp\/v2\/pages\/65"}],"wp:featuredmedia":[{"embeddable":true,"href":"https:\/\/trans-luzern.ch\/index.php?rest_route=\/wp\/v2\/media\/7"}],"wp:attachment":[{"href":"https:\/\/trans-luzern.ch\/index.php?rest_route=%2Fwp%2Fv2%2Fmedia&parent=127"}],"curies":[{"name":"wp","href":"https:\/\/api.w.org\/{rel}","templated":true}]}}