{"id":130,"date":"2023-05-27T12:02:30","date_gmt":"2023-05-27T12:02:30","guid":{"rendered":"https:\/\/trans-luzern.ch\/?page_id=130"},"modified":"2023-05-27T15:26:03","modified_gmt":"2023-05-27T15:26:03","slug":"sample-page-1-5-6-7-9-10-11-12-14-20","status":"publish","type":"page","link":"https:\/\/trans-luzern.ch\/?page_id=130","title":{"rendered":"Georginas Brustkongruenzen"},"content":{"rendered":"\n<p>Aktuell besch\u00e4ftige ich mich pers\u00f6nlich eher mit intimen k\u00f6rperlichen Themen. Mein Geschlechtsk\u00f6rper wurde im Laufe der Jahre wie eine Schatztruhe ge\u00f6ffnet und jede Minute, ja jede Sekunde ereignet sich und erlebt sich mir eine F\u00fclle, die ich vorher im Tiefschlaf meiner weiblichen K\u00f6rperlichkeit nie geahnt h\u00e4tte. Fr\u00fcher, das war geschlechtsleibliche Friedhofszeit. Jetzt ist es bunt und es ist st\u00e4ndig etwas los.<\/p>\n\n\n\n<p>Seit dem Brustaufbau hat sich allm\u00e4hlich ein wahrer Brustkosmos entfaltet. Die Br\u00fcste begannen zu meiner leiblichen Mitte zu werden, eine erlebte allm\u00e4hliche Wanderung von der Peripherie ins Zentrum. Ganz anders als bei den Silikonattrappen vorher haben sich Haltung und Bewegung tiefgreifend ver\u00e4ndert. Sie wiegen, im Gewoge h\u00fcpfen sie, schaukeln und pendeln, schwingen hin und her. Sie sind alles andere als fix, da gibt es nur unscharf Definiertes, sondern sie sind weich. Weiche, munter bewegliche Begleiterinnen, die ich bei jeder Bewegung mit sp\u00fcre. Sie haben ein nicht zu b\u00e4ndigendes Eigenleben. Kein BH l\u00e4sst sie erstarren. Sie entziehen sich der motorischen Steuerung, zeigen der Willk\u00fcr k\u00f6rperliche Grenzen auf. Sie spiegeln passiv jede Bewegung meines K\u00f6rpers. Sie stechen hervor. Sie sind ein Signum meiner weiblichen K\u00f6rperlichkeit. Ein nachgiebiger, weicher, warmer Schutz meines Herzens.<\/p>\n\n\n\n<p>Solche k\u00f6rperlichen Regungen bewegen, ersch\u00fcttern und tragen mich durch meinen Alltag. Sie sind ein geschlechtlicher, k\u00f6rperlicher \u201eLeuchtturm\u201c in meinem Leben.<\/p>\n\n\n\n<p>n.<\/p>\n","protected":false},"excerpt":{"rendered":"<p>Aktuell besch\u00e4ftige ich mich pers\u00f6nlich eher mit intimen k\u00f6rperlichen Themen. Mein Geschlechtsk\u00f6rper wurde im Laufe der Jahre wie eine Schatztruhe ge\u00f6ffnet und jede Minute, ja jede Sekunde ereignet sich und erlebt sich mir eine F\u00fclle, die ich vorher im Tiefschlaf meiner weiblichen K\u00f6rperlichkeit nie geahnt h\u00e4tte. Fr\u00fcher, das war geschlechtsleibliche [&hellip;]<\/p>\n","protected":false},"author":2,"featured_media":7,"parent":65,"menu_order":10,"comment_status":"closed","ping_status":"closed","template":"","meta":[],"yoast_head":"<!-- This site is optimized with the Yoast SEO plugin v21.8.1 - https:\/\/yoast.com\/wordpress\/plugins\/seo\/ -->\n<title>Georginas Brustkongruenzen - Transfachstelle Luzern<\/title>\n<meta name=\"robots\" content=\"index, follow, max-snippet:-1, max-image-preview:large, max-video-preview:-1\" \/>\n<link rel=\"canonical\" href=\"https:\/\/trans-luzern.ch\/?page_id=130\" \/>\n<meta property=\"og:locale\" content=\"de_DE\" \/>\n<meta property=\"og:type\" content=\"article\" \/>\n<meta property=\"og:title\" content=\"Georginas Brustkongruenzen - Transfachstelle Luzern\" \/>\n<meta property=\"og:description\" content=\"Aktuell besch\u00e4ftige ich mich pers\u00f6nlich eher mit intimen k\u00f6rperlichen Themen. Mein Geschlechtsk\u00f6rper wurde im Laufe der Jahre wie eine Schatztruhe ge\u00f6ffnet und jede Minute, ja jede Sekunde ereignet sich und erlebt sich mir eine F\u00fclle, die ich vorher im Tiefschlaf meiner weiblichen K\u00f6rperlichkeit nie geahnt h\u00e4tte. Fr\u00fcher, das war geschlechtsleibliche [&hellip;]\" \/>\n<meta property=\"og:url\" content=\"https:\/\/trans-luzern.ch\/?page_id=130\" \/>\n<meta property=\"og:site_name\" content=\"Transfachstelle Luzern\" \/>\n<meta property=\"article:modified_time\" content=\"2023-05-27T15:26:03+00:00\" \/>\n<meta property=\"og:image\" content=\"https:\/\/trans-luzern.ch\/wp-content\/uploads\/2023\/05\/europe-ga97c14118_1280.jpg\" \/>\n\t<meta property=\"og:image:width\" content=\"1280\" \/>\n\t<meta property=\"og:image:height\" content=\"853\" \/>\n\t<meta property=\"og:image:type\" content=\"image\/jpeg\" \/>\n<meta name=\"twitter:card\" content=\"summary_large_image\" \/>\n<meta name=\"twitter:label1\" content=\"Gesch\u00e4tzte Lesezeit\" \/>\n\t<meta name=\"twitter:data1\" content=\"2\u00a0Minuten\" \/>\n<script type=\"application\/ld+json\" class=\"yoast-schema-graph\">{\"@context\":\"https:\/\/schema.org\",\"@graph\":[{\"@type\":\"WebPage\",\"@id\":\"https:\/\/trans-luzern.ch\/?page_id=130\",\"url\":\"https:\/\/trans-luzern.ch\/?page_id=130\",\"name\":\"Georginas Brustkongruenzen - Transfachstelle Luzern\",\"isPartOf\":{\"@id\":\"https:\/\/trans-luzern.ch\/#website\"},\"datePublished\":\"2023-05-27T12:02:30+00:00\",\"dateModified\":\"2023-05-27T15:26:03+00:00\",\"breadcrumb\":{\"@id\":\"https:\/\/trans-luzern.ch\/?page_id=130#breadcrumb\"},\"inLanguage\":\"de\",\"potentialAction\":[{\"@type\":\"ReadAction\",\"target\":[\"https:\/\/trans-luzern.ch\/?page_id=130\"]}]},{\"@type\":\"BreadcrumbList\",\"@id\":\"https:\/\/trans-luzern.ch\/?page_id=130#breadcrumb\",\"itemListElement\":[{\"@type\":\"ListItem\",\"position\":1,\"name\":\"Startseite\",\"item\":\"https:\/\/trans-luzern.ch\/\"},{\"@type\":\"ListItem\",\"position\":2,\"name\":\"Das TransDok-Projekt\",\"item\":\"https:\/\/trans-luzern.ch\/?page_id=65\"},{\"@type\":\"ListItem\",\"position\":3,\"name\":\"Georginas Brustkongruenzen\"}]},{\"@type\":\"WebSite\",\"@id\":\"https:\/\/trans-luzern.ch\/#website\",\"url\":\"https:\/\/trans-luzern.ch\/\",\"name\":\"Transfachstelle Luzern\",\"description\":\"\",\"potentialAction\":[{\"@type\":\"SearchAction\",\"target\":{\"@type\":\"EntryPoint\",\"urlTemplate\":\"https:\/\/trans-luzern.ch\/?s={search_term_string}\"},\"query-input\":\"required name=search_term_string\"}],\"inLanguage\":\"de\"}]}<\/script>\n<!-- \/ Yoast SEO plugin. -->","yoast_head_json":{"title":"Georginas Brustkongruenzen - Transfachstelle Luzern","robots":{"index":"index","follow":"follow","max-snippet":"max-snippet:-1","max-image-preview":"max-image-preview:large","max-video-preview":"max-video-preview:-1"},"canonical":"https:\/\/trans-luzern.ch\/?page_id=130","og_locale":"de_DE","og_type":"article","og_title":"Georginas Brustkongruenzen - Transfachstelle Luzern","og_description":"Aktuell besch\u00e4ftige ich mich pers\u00f6nlich eher mit intimen k\u00f6rperlichen Themen. Mein Geschlechtsk\u00f6rper wurde im Laufe der Jahre wie eine Schatztruhe ge\u00f6ffnet und jede Minute, ja jede Sekunde ereignet sich und erlebt sich mir eine F\u00fclle, die ich vorher im Tiefschlaf meiner weiblichen K\u00f6rperlichkeit nie geahnt h\u00e4tte. Fr\u00fcher, das war geschlechtsleibliche [&hellip;]","og_url":"https:\/\/trans-luzern.ch\/?page_id=130","og_site_name":"Transfachstelle Luzern","article_modified_time":"2023-05-27T15:26:03+00:00","og_image":[{"width":1280,"height":853,"url":"https:\/\/trans-luzern.ch\/wp-content\/uploads\/2023\/05\/europe-ga97c14118_1280.jpg","type":"image\/jpeg"}],"twitter_card":"summary_large_image","twitter_misc":{"Gesch\u00e4tzte Lesezeit":"2\u00a0Minuten"},"schema":{"@context":"https:\/\/schema.org","@graph":[{"@type":"WebPage","@id":"https:\/\/trans-luzern.ch\/?page_id=130","url":"https:\/\/trans-luzern.ch\/?page_id=130","name":"Georginas Brustkongruenzen - Transfachstelle Luzern","isPartOf":{"@id":"https:\/\/trans-luzern.ch\/#website"},"datePublished":"2023-05-27T12:02:30+00:00","dateModified":"2023-05-27T15:26:03+00:00","breadcrumb":{"@id":"https:\/\/trans-luzern.ch\/?page_id=130#breadcrumb"},"inLanguage":"de","potentialAction":[{"@type":"ReadAction","target":["https:\/\/trans-luzern.ch\/?page_id=130"]}]},{"@type":"BreadcrumbList","@id":"https:\/\/trans-luzern.ch\/?page_id=130#breadcrumb","itemListElement":[{"@type":"ListItem","position":1,"name":"Startseite","item":"https:\/\/trans-luzern.ch\/"},{"@type":"ListItem","position":2,"name":"Das TransDok-Projekt","item":"https:\/\/trans-luzern.ch\/?page_id=65"},{"@type":"ListItem","position":3,"name":"Georginas Brustkongruenzen"}]},{"@type":"WebSite","@id":"https:\/\/trans-luzern.ch\/#website","url":"https:\/\/trans-luzern.ch\/","name":"Transfachstelle Luzern","description":"","potentialAction":[{"@type":"SearchAction","target":{"@type":"EntryPoint","urlTemplate":"https:\/\/trans-luzern.ch\/?s={search_term_string}"},"query-input":"required name=search_term_string"}],"inLanguage":"de"}]}},"_links":{"self":[{"href":"https:\/\/trans-luzern.ch\/index.php?rest_route=\/wp\/v2\/pages\/130"}],"collection":[{"href":"https:\/\/trans-luzern.ch\/index.php?rest_route=\/wp\/v2\/pages"}],"about":[{"href":"https:\/\/trans-luzern.ch\/index.php?rest_route=\/wp\/v2\/types\/page"}],"author":[{"embeddable":true,"href":"https:\/\/trans-luzern.ch\/index.php?rest_route=\/wp\/v2\/users\/2"}],"replies":[{"embeddable":true,"href":"https:\/\/trans-luzern.ch\/index.php?rest_route=%2Fwp%2Fv2%2Fcomments&post=130"}],"version-history":[{"count":3,"href":"https:\/\/trans-luzern.ch\/index.php?rest_route=\/wp\/v2\/pages\/130\/revisions"}],"predecessor-version":[{"id":135,"href":"https:\/\/trans-luzern.ch\/index.php?rest_route=\/wp\/v2\/pages\/130\/revisions\/135"}],"up":[{"embeddable":true,"href":"https:\/\/trans-luzern.ch\/index.php?rest_route=\/wp\/v2\/pages\/65"}],"wp:featuredmedia":[{"embeddable":true,"href":"https:\/\/trans-luzern.ch\/index.php?rest_route=\/wp\/v2\/media\/7"}],"wp:attachment":[{"href":"https:\/\/trans-luzern.ch\/index.php?rest_route=%2Fwp%2Fv2%2Fmedia&parent=130"}],"curies":[{"name":"wp","href":"https:\/\/api.w.org\/{rel}","templated":true}]}}