{"id":139,"date":"2023-05-27T12:02:30","date_gmt":"2023-05-27T12:02:30","guid":{"rendered":"https:\/\/trans-luzern.ch\/?page_id=139"},"modified":"2023-05-27T15:30:51","modified_gmt":"2023-05-27T15:30:51","slug":"sample-page-1-5-6-7-9-10-11-12-14-21","status":"publish","type":"page","link":"https:\/\/trans-luzern.ch\/?page_id=139","title":{"rendered":"Sinas Behaarungsdiskrepanzen"},"content":{"rendered":"\n<p>Zur eindeutigen Identifikation mit dem weiblichen Geschlecht geh\u00f6rt f\u00fcr mich eine reibungsloses, nicht sto\u00dfendes Sehen-und-Gesehen-Werdens. So lange ich von den Mitmenschen als b\u00e4rtiger Mann betrachtet werde, so lange werde ich von ihnen auch dementsprechend behandelt. Und solange ich mich bezogen auf meine m\u00e4nnliche Gesichts- Hals und Dekollet\u00e9behaarung noch als Mann sehe, kann ich nicht loslassen und in meiner neuen Rolle als Frau aufgehen. Ich werde t\u00e4glich ja st\u00fcndlich an meinen haarigen Makel erinnert. Penetrant und erniedrigend erlebe ich die Blicke, das Angeblickt- und Angestarrt-Werden.<\/p>\n\n\n\n<p>Meinen sonstigen K\u00f6rper habe ich durch die Hormontherapie bereits in eine positive Richtung ver\u00e4ndert, doch bez\u00fcglich Gesichtsbehaarung hat sich leider nicht viel getan. Der markante, peinlich hervorstechende Bart(schatten) ist immer noch vorhanden.<\/p>\n","protected":false},"excerpt":{"rendered":"<p>Zur eindeutigen Identifikation mit dem weiblichen Geschlecht geh\u00f6rt f\u00fcr mich eine reibungsloses, nicht sto\u00dfendes Sehen-und-Gesehen-Werdens. So lange ich von den Mitmenschen als b\u00e4rtiger Mann betrachtet werde, so lange werde ich von ihnen auch dementsprechend behandelt. Und solange ich mich bezogen auf meine m\u00e4nnliche Gesichts- Hals und Dekollet\u00e9behaarung noch als Mann [&hellip;]<\/p>\n","protected":false},"author":2,"featured_media":7,"parent":65,"menu_order":10,"comment_status":"closed","ping_status":"closed","template":"","meta":[],"yoast_head":"<!-- This site is optimized with the Yoast SEO plugin v21.8.1 - https:\/\/yoast.com\/wordpress\/plugins\/seo\/ -->\n<title>Sinas Behaarungsdiskrepanzen - Transfachstelle Luzern<\/title>\n<meta name=\"robots\" content=\"index, follow, max-snippet:-1, max-image-preview:large, max-video-preview:-1\" \/>\n<link rel=\"canonical\" href=\"https:\/\/trans-luzern.ch\/?page_id=139\" \/>\n<meta property=\"og:locale\" content=\"de_DE\" \/>\n<meta property=\"og:type\" content=\"article\" \/>\n<meta property=\"og:title\" content=\"Sinas Behaarungsdiskrepanzen - Transfachstelle Luzern\" \/>\n<meta property=\"og:description\" content=\"Zur eindeutigen Identifikation mit dem weiblichen Geschlecht geh\u00f6rt f\u00fcr mich eine reibungsloses, nicht sto\u00dfendes Sehen-und-Gesehen-Werdens. So lange ich von den Mitmenschen als b\u00e4rtiger Mann betrachtet werde, so lange werde ich von ihnen auch dementsprechend behandelt. Und solange ich mich bezogen auf meine m\u00e4nnliche Gesichts- Hals und Dekollet\u00e9behaarung noch als Mann [&hellip;]\" \/>\n<meta property=\"og:url\" content=\"https:\/\/trans-luzern.ch\/?page_id=139\" \/>\n<meta property=\"og:site_name\" content=\"Transfachstelle Luzern\" \/>\n<meta property=\"article:modified_time\" content=\"2023-05-27T15:30:51+00:00\" \/>\n<meta property=\"og:image\" content=\"https:\/\/trans-luzern.ch\/wp-content\/uploads\/2023\/05\/europe-ga97c14118_1280.jpg\" \/>\n\t<meta property=\"og:image:width\" content=\"1280\" \/>\n\t<meta property=\"og:image:height\" content=\"853\" \/>\n\t<meta property=\"og:image:type\" content=\"image\/jpeg\" \/>\n<meta name=\"twitter:card\" content=\"summary_large_image\" \/>\n<meta name=\"twitter:label1\" content=\"Gesch\u00e4tzte Lesezeit\" \/>\n\t<meta name=\"twitter:data1\" content=\"1\u00a0Minute\" \/>\n<script type=\"application\/ld+json\" class=\"yoast-schema-graph\">{\"@context\":\"https:\/\/schema.org\",\"@graph\":[{\"@type\":\"WebPage\",\"@id\":\"https:\/\/trans-luzern.ch\/?page_id=139\",\"url\":\"https:\/\/trans-luzern.ch\/?page_id=139\",\"name\":\"Sinas Behaarungsdiskrepanzen - Transfachstelle Luzern\",\"isPartOf\":{\"@id\":\"https:\/\/trans-luzern.ch\/#website\"},\"datePublished\":\"2023-05-27T12:02:30+00:00\",\"dateModified\":\"2023-05-27T15:30:51+00:00\",\"breadcrumb\":{\"@id\":\"https:\/\/trans-luzern.ch\/?page_id=139#breadcrumb\"},\"inLanguage\":\"de\",\"potentialAction\":[{\"@type\":\"ReadAction\",\"target\":[\"https:\/\/trans-luzern.ch\/?page_id=139\"]}]},{\"@type\":\"BreadcrumbList\",\"@id\":\"https:\/\/trans-luzern.ch\/?page_id=139#breadcrumb\",\"itemListElement\":[{\"@type\":\"ListItem\",\"position\":1,\"name\":\"Startseite\",\"item\":\"https:\/\/trans-luzern.ch\/\"},{\"@type\":\"ListItem\",\"position\":2,\"name\":\"Das TransDok-Projekt\",\"item\":\"https:\/\/trans-luzern.ch\/?page_id=65\"},{\"@type\":\"ListItem\",\"position\":3,\"name\":\"Sinas Behaarungsdiskrepanzen\"}]},{\"@type\":\"WebSite\",\"@id\":\"https:\/\/trans-luzern.ch\/#website\",\"url\":\"https:\/\/trans-luzern.ch\/\",\"name\":\"Transfachstelle Luzern\",\"description\":\"\",\"potentialAction\":[{\"@type\":\"SearchAction\",\"target\":{\"@type\":\"EntryPoint\",\"urlTemplate\":\"https:\/\/trans-luzern.ch\/?s={search_term_string}\"},\"query-input\":\"required name=search_term_string\"}],\"inLanguage\":\"de\"}]}<\/script>\n<!-- \/ Yoast SEO plugin. -->","yoast_head_json":{"title":"Sinas Behaarungsdiskrepanzen - Transfachstelle Luzern","robots":{"index":"index","follow":"follow","max-snippet":"max-snippet:-1","max-image-preview":"max-image-preview:large","max-video-preview":"max-video-preview:-1"},"canonical":"https:\/\/trans-luzern.ch\/?page_id=139","og_locale":"de_DE","og_type":"article","og_title":"Sinas Behaarungsdiskrepanzen - Transfachstelle Luzern","og_description":"Zur eindeutigen Identifikation mit dem weiblichen Geschlecht geh\u00f6rt f\u00fcr mich eine reibungsloses, nicht sto\u00dfendes Sehen-und-Gesehen-Werdens. So lange ich von den Mitmenschen als b\u00e4rtiger Mann betrachtet werde, so lange werde ich von ihnen auch dementsprechend behandelt. Und solange ich mich bezogen auf meine m\u00e4nnliche Gesichts- Hals und Dekollet\u00e9behaarung noch als Mann [&hellip;]","og_url":"https:\/\/trans-luzern.ch\/?page_id=139","og_site_name":"Transfachstelle Luzern","article_modified_time":"2023-05-27T15:30:51+00:00","og_image":[{"width":1280,"height":853,"url":"https:\/\/trans-luzern.ch\/wp-content\/uploads\/2023\/05\/europe-ga97c14118_1280.jpg","type":"image\/jpeg"}],"twitter_card":"summary_large_image","twitter_misc":{"Gesch\u00e4tzte Lesezeit":"1\u00a0Minute"},"schema":{"@context":"https:\/\/schema.org","@graph":[{"@type":"WebPage","@id":"https:\/\/trans-luzern.ch\/?page_id=139","url":"https:\/\/trans-luzern.ch\/?page_id=139","name":"Sinas Behaarungsdiskrepanzen - Transfachstelle Luzern","isPartOf":{"@id":"https:\/\/trans-luzern.ch\/#website"},"datePublished":"2023-05-27T12:02:30+00:00","dateModified":"2023-05-27T15:30:51+00:00","breadcrumb":{"@id":"https:\/\/trans-luzern.ch\/?page_id=139#breadcrumb"},"inLanguage":"de","potentialAction":[{"@type":"ReadAction","target":["https:\/\/trans-luzern.ch\/?page_id=139"]}]},{"@type":"BreadcrumbList","@id":"https:\/\/trans-luzern.ch\/?page_id=139#breadcrumb","itemListElement":[{"@type":"ListItem","position":1,"name":"Startseite","item":"https:\/\/trans-luzern.ch\/"},{"@type":"ListItem","position":2,"name":"Das TransDok-Projekt","item":"https:\/\/trans-luzern.ch\/?page_id=65"},{"@type":"ListItem","position":3,"name":"Sinas Behaarungsdiskrepanzen"}]},{"@type":"WebSite","@id":"https:\/\/trans-luzern.ch\/#website","url":"https:\/\/trans-luzern.ch\/","name":"Transfachstelle Luzern","description":"","potentialAction":[{"@type":"SearchAction","target":{"@type":"EntryPoint","urlTemplate":"https:\/\/trans-luzern.ch\/?s={search_term_string}"},"query-input":"required name=search_term_string"}],"inLanguage":"de"}]}},"_links":{"self":[{"href":"https:\/\/trans-luzern.ch\/index.php?rest_route=\/wp\/v2\/pages\/139"}],"collection":[{"href":"https:\/\/trans-luzern.ch\/index.php?rest_route=\/wp\/v2\/pages"}],"about":[{"href":"https:\/\/trans-luzern.ch\/index.php?rest_route=\/wp\/v2\/types\/page"}],"author":[{"embeddable":true,"href":"https:\/\/trans-luzern.ch\/index.php?rest_route=\/wp\/v2\/users\/2"}],"replies":[{"embeddable":true,"href":"https:\/\/trans-luzern.ch\/index.php?rest_route=%2Fwp%2Fv2%2Fcomments&post=139"}],"version-history":[{"count":1,"href":"https:\/\/trans-luzern.ch\/index.php?rest_route=\/wp\/v2\/pages\/139\/revisions"}],"predecessor-version":[{"id":140,"href":"https:\/\/trans-luzern.ch\/index.php?rest_route=\/wp\/v2\/pages\/139\/revisions\/140"}],"up":[{"embeddable":true,"href":"https:\/\/trans-luzern.ch\/index.php?rest_route=\/wp\/v2\/pages\/65"}],"wp:featuredmedia":[{"embeddable":true,"href":"https:\/\/trans-luzern.ch\/index.php?rest_route=\/wp\/v2\/media\/7"}],"wp:attachment":[{"href":"https:\/\/trans-luzern.ch\/index.php?rest_route=%2Fwp%2Fv2%2Fmedia&parent=139"}],"curies":[{"name":"wp","href":"https:\/\/api.w.org\/{rel}","templated":true}]}}