{"id":169,"date":"2023-05-27T12:02:30","date_gmt":"2023-05-27T12:02:30","guid":{"rendered":"https:\/\/trans-luzern.ch\/?page_id=169"},"modified":"2023-11-17T16:34:07","modified_gmt":"2023-11-17T16:34:07","slug":"sample-page-1-5-6-7-9-10-11-12-14-17-18","status":"publish","type":"page","link":"https:\/\/trans-luzern.ch\/?page_id=169","title":{"rendered":"Janik \u00fcber Gl\u00fcck, Genuss und Transition"},"content":{"rendered":"\n<p>Was bedeutet eigentlich Gl\u00fcck? Gl\u00fcck hat zahlreiche Definitionen. Es kann bedeuten, eine Ausbildung erfolgreich abzuschliessen, unterst\u00fctzende Freunde um sich zu haben, sch\u00f6ne Momente zu erleben, einen Sonnenuntergang zu beobachten oder einfach nur die Stille des Meeres zu geniessen.<\/p>\n\n\n\n<p>Erlebnisse und Momente, die man nicht tagt\u00e4glich erf\u00e4hrt. Jeder definiert sein Gl\u00fcck anders und das ist vollkommen in Ordnung, genauso in Ordnung wie anders zu sein!<\/p>\n\n\n\n<p>Nun, was bedeutet eigentlich Gl\u00fcck f\u00fcr mich? In erster Linie bedeutet f\u00fcr mich Gl\u00fcck, dass ich gl\u00fccklich bin ich zu sein und mein ich auch verk\u00f6rpern kann. Dass ich mich wohl in meiner Haut f\u00fchle und hemmungslos durch die Stadt oder auf dem Weg zur Arbeit schlendern kann. Nat\u00fcrlich bedeutet f\u00fcr mich auch Gl\u00fcck gesund zu sein. Aber ist man wirklich gesund, wenn man sich in seiner Haut sch\u00e4mt und mit weiter Kleidung sein ich verstecken muss, sich nicht einmal ins Freibad traut aber irgendwie doch gerne etwas freiz\u00fcgiger w\u00e4re, aber dies nicht funktioniert. Es funktioniert nicht, weil die Seele eingesperrt ist und es unmittelbar frei sein m\u00f6chte. Jetzt betrachten wir das ganze einmal positiv, wenn es soweit ist, dass ich das Gef\u00fchl von Selbstfreiheit versp\u00fcren darf. Wie definiere ich dann Gl\u00fcck? Endlich oberk\u00f6rperfrei schwimmen k\u00f6nnen, ein Brustbild nach dem Gym festhalten, auch mal mit hautengem T-Shirt durch die Stadt flanieren, sich sexuell so ausleben, dass man sich wohl dabei f\u00fchlt. Nun, ohne dass es egoistisch klingt, aber auch sich selbst mehr zu lieben als alles andere. So sehe ich meine zuk\u00fcnftige Definition von Gl\u00fcck und zugleich auch Genuss, denn parallel geniesst man ja auch sein Wesen. Genuss ist schliesslich auch Teil des Gl\u00fccks. Ich geniesse mein ich und das ist mein Gl\u00fcck. Nun fassen wir mal mein Gl\u00fcck in kleinen Schritten, da haben wir das Tempo etwas \u00fcberst\u00fcrzt.<\/p>\n\n\n\n<p>Gl\u00fccklich macht mich der Gedanke, die Planung, der Weg zum wahren Selbst. Die erste Spritze, die erste Operation und schliesslich die letzte Operation, das lange Auskurieren und die dazugeh\u00f6rigen Schmerzen sind alles Teil des Gl\u00fccks. Es wird ein langer, aber lohnenswerter Weg. Das unbeschreibliche Gef\u00fchl die ersten Barthaare abrasieren zu k\u00f6nnen oder gar wachsen zu lassen, geplant w\u00e4re ein 5 Tage Bart. Wie genussvoll ich den Binder nach der ersten Operation endlich entferne und morgens ohne T-Shirt mir meinen Kaffee rauslasse und endlich erkennt man eine W\u00f6lbung \u00fcber den grauen Jogginghosen! Auf meine extravagante Kleidung d\u00fcrfen sich meine lieben Freunde gefasst machen. Der neue kurze Haarschnitt darf nicht fehlen und der dazu gepflegte 5 Tage Bart.<\/p>\n\n\n\n<p>Alles f\u00fchlt sich so perfekt an, ich kann mein Gl\u00fcck kaum fassen, was f\u00fcr ein genussvoller Moment&#8230;<\/p>\n","protected":false},"excerpt":{"rendered":"<p>Was bedeutet eigentlich Gl\u00fcck? Gl\u00fcck hat zahlreiche Definitionen. Es kann bedeuten, eine Ausbildung erfolgreich abzuschliessen, unterst\u00fctzende Freunde um sich zu haben, sch\u00f6ne Momente zu erleben, einen Sonnenuntergang zu beobachten oder einfach nur die Stille des Meeres zu geniessen. Erlebnisse und Momente, die man nicht tagt\u00e4glich erf\u00e4hrt. Jeder definiert sein Gl\u00fcck [&hellip;]<\/p>\n","protected":false},"author":2,"featured_media":7,"parent":65,"menu_order":10,"comment_status":"closed","ping_status":"closed","template":"","meta":[],"yoast_head":"<!-- This site is optimized with the Yoast SEO plugin v21.8.1 - https:\/\/yoast.com\/wordpress\/plugins\/seo\/ -->\n<title>Janik \u00fcber Gl\u00fcck, Genuss und Transition - Transfachstelle Luzern<\/title>\n<meta name=\"robots\" content=\"index, follow, max-snippet:-1, max-image-preview:large, max-video-preview:-1\" \/>\n<link rel=\"canonical\" href=\"https:\/\/trans-luzern.ch\/?page_id=169\" \/>\n<meta property=\"og:locale\" content=\"de_DE\" \/>\n<meta property=\"og:type\" content=\"article\" \/>\n<meta property=\"og:title\" content=\"Janik \u00fcber Gl\u00fcck, Genuss und Transition - Transfachstelle Luzern\" \/>\n<meta property=\"og:description\" content=\"Was bedeutet eigentlich Gl\u00fcck? Gl\u00fcck hat zahlreiche Definitionen. Es kann bedeuten, eine Ausbildung erfolgreich abzuschliessen, unterst\u00fctzende Freunde um sich zu haben, sch\u00f6ne Momente zu erleben, einen Sonnenuntergang zu beobachten oder einfach nur die Stille des Meeres zu geniessen. Erlebnisse und Momente, die man nicht tagt\u00e4glich erf\u00e4hrt. Jeder definiert sein Gl\u00fcck [&hellip;]\" \/>\n<meta property=\"og:url\" content=\"https:\/\/trans-luzern.ch\/?page_id=169\" \/>\n<meta property=\"og:site_name\" content=\"Transfachstelle Luzern\" \/>\n<meta property=\"article:modified_time\" content=\"2023-11-17T16:34:07+00:00\" \/>\n<meta property=\"og:image\" content=\"https:\/\/trans-luzern.ch\/wp-content\/uploads\/2023\/05\/europe-ga97c14118_1280.jpg\" \/>\n\t<meta property=\"og:image:width\" content=\"1280\" \/>\n\t<meta property=\"og:image:height\" content=\"853\" \/>\n\t<meta property=\"og:image:type\" content=\"image\/jpeg\" \/>\n<meta name=\"twitter:card\" content=\"summary_large_image\" \/>\n<meta name=\"twitter:label1\" content=\"Gesch\u00e4tzte Lesezeit\" \/>\n\t<meta name=\"twitter:data1\" content=\"3\u00a0Minuten\" \/>\n<script type=\"application\/ld+json\" class=\"yoast-schema-graph\">{\"@context\":\"https:\/\/schema.org\",\"@graph\":[{\"@type\":\"WebPage\",\"@id\":\"https:\/\/trans-luzern.ch\/?page_id=169\",\"url\":\"https:\/\/trans-luzern.ch\/?page_id=169\",\"name\":\"Janik \u00fcber Gl\u00fcck, Genuss und Transition - Transfachstelle Luzern\",\"isPartOf\":{\"@id\":\"https:\/\/trans-luzern.ch\/#website\"},\"datePublished\":\"2023-05-27T12:02:30+00:00\",\"dateModified\":\"2023-11-17T16:34:07+00:00\",\"breadcrumb\":{\"@id\":\"https:\/\/trans-luzern.ch\/?page_id=169#breadcrumb\"},\"inLanguage\":\"de\",\"potentialAction\":[{\"@type\":\"ReadAction\",\"target\":[\"https:\/\/trans-luzern.ch\/?page_id=169\"]}]},{\"@type\":\"BreadcrumbList\",\"@id\":\"https:\/\/trans-luzern.ch\/?page_id=169#breadcrumb\",\"itemListElement\":[{\"@type\":\"ListItem\",\"position\":1,\"name\":\"Startseite\",\"item\":\"https:\/\/trans-luzern.ch\/\"},{\"@type\":\"ListItem\",\"position\":2,\"name\":\"Das TransDok-Projekt\",\"item\":\"https:\/\/trans-luzern.ch\/?page_id=65\"},{\"@type\":\"ListItem\",\"position\":3,\"name\":\"Janik \u00fcber Gl\u00fcck, Genuss und Transition\"}]},{\"@type\":\"WebSite\",\"@id\":\"https:\/\/trans-luzern.ch\/#website\",\"url\":\"https:\/\/trans-luzern.ch\/\",\"name\":\"Transfachstelle Luzern\",\"description\":\"\",\"potentialAction\":[{\"@type\":\"SearchAction\",\"target\":{\"@type\":\"EntryPoint\",\"urlTemplate\":\"https:\/\/trans-luzern.ch\/?s={search_term_string}\"},\"query-input\":\"required name=search_term_string\"}],\"inLanguage\":\"de\"}]}<\/script>\n<!-- \/ Yoast SEO plugin. -->","yoast_head_json":{"title":"Janik \u00fcber Gl\u00fcck, Genuss und Transition - Transfachstelle Luzern","robots":{"index":"index","follow":"follow","max-snippet":"max-snippet:-1","max-image-preview":"max-image-preview:large","max-video-preview":"max-video-preview:-1"},"canonical":"https:\/\/trans-luzern.ch\/?page_id=169","og_locale":"de_DE","og_type":"article","og_title":"Janik \u00fcber Gl\u00fcck, Genuss und Transition - Transfachstelle Luzern","og_description":"Was bedeutet eigentlich Gl\u00fcck? Gl\u00fcck hat zahlreiche Definitionen. Es kann bedeuten, eine Ausbildung erfolgreich abzuschliessen, unterst\u00fctzende Freunde um sich zu haben, sch\u00f6ne Momente zu erleben, einen Sonnenuntergang zu beobachten oder einfach nur die Stille des Meeres zu geniessen. Erlebnisse und Momente, die man nicht tagt\u00e4glich erf\u00e4hrt. Jeder definiert sein Gl\u00fcck [&hellip;]","og_url":"https:\/\/trans-luzern.ch\/?page_id=169","og_site_name":"Transfachstelle Luzern","article_modified_time":"2023-11-17T16:34:07+00:00","og_image":[{"width":1280,"height":853,"url":"https:\/\/trans-luzern.ch\/wp-content\/uploads\/2023\/05\/europe-ga97c14118_1280.jpg","type":"image\/jpeg"}],"twitter_card":"summary_large_image","twitter_misc":{"Gesch\u00e4tzte Lesezeit":"3\u00a0Minuten"},"schema":{"@context":"https:\/\/schema.org","@graph":[{"@type":"WebPage","@id":"https:\/\/trans-luzern.ch\/?page_id=169","url":"https:\/\/trans-luzern.ch\/?page_id=169","name":"Janik \u00fcber Gl\u00fcck, Genuss und Transition - Transfachstelle Luzern","isPartOf":{"@id":"https:\/\/trans-luzern.ch\/#website"},"datePublished":"2023-05-27T12:02:30+00:00","dateModified":"2023-11-17T16:34:07+00:00","breadcrumb":{"@id":"https:\/\/trans-luzern.ch\/?page_id=169#breadcrumb"},"inLanguage":"de","potentialAction":[{"@type":"ReadAction","target":["https:\/\/trans-luzern.ch\/?page_id=169"]}]},{"@type":"BreadcrumbList","@id":"https:\/\/trans-luzern.ch\/?page_id=169#breadcrumb","itemListElement":[{"@type":"ListItem","position":1,"name":"Startseite","item":"https:\/\/trans-luzern.ch\/"},{"@type":"ListItem","position":2,"name":"Das TransDok-Projekt","item":"https:\/\/trans-luzern.ch\/?page_id=65"},{"@type":"ListItem","position":3,"name":"Janik \u00fcber Gl\u00fcck, Genuss und Transition"}]},{"@type":"WebSite","@id":"https:\/\/trans-luzern.ch\/#website","url":"https:\/\/trans-luzern.ch\/","name":"Transfachstelle Luzern","description":"","potentialAction":[{"@type":"SearchAction","target":{"@type":"EntryPoint","urlTemplate":"https:\/\/trans-luzern.ch\/?s={search_term_string}"},"query-input":"required name=search_term_string"}],"inLanguage":"de"}]}},"_links":{"self":[{"href":"https:\/\/trans-luzern.ch\/index.php?rest_route=\/wp\/v2\/pages\/169"}],"collection":[{"href":"https:\/\/trans-luzern.ch\/index.php?rest_route=\/wp\/v2\/pages"}],"about":[{"href":"https:\/\/trans-luzern.ch\/index.php?rest_route=\/wp\/v2\/types\/page"}],"author":[{"embeddable":true,"href":"https:\/\/trans-luzern.ch\/index.php?rest_route=\/wp\/v2\/users\/2"}],"replies":[{"embeddable":true,"href":"https:\/\/trans-luzern.ch\/index.php?rest_route=%2Fwp%2Fv2%2Fcomments&post=169"}],"version-history":[{"count":1,"href":"https:\/\/trans-luzern.ch\/index.php?rest_route=\/wp\/v2\/pages\/169\/revisions"}],"predecessor-version":[{"id":170,"href":"https:\/\/trans-luzern.ch\/index.php?rest_route=\/wp\/v2\/pages\/169\/revisions\/170"}],"up":[{"embeddable":true,"href":"https:\/\/trans-luzern.ch\/index.php?rest_route=\/wp\/v2\/pages\/65"}],"wp:featuredmedia":[{"embeddable":true,"href":"https:\/\/trans-luzern.ch\/index.php?rest_route=\/wp\/v2\/media\/7"}],"wp:attachment":[{"href":"https:\/\/trans-luzern.ch\/index.php?rest_route=%2Fwp%2Fv2%2Fmedia&parent=169"}],"curies":[{"name":"wp","href":"https:\/\/api.w.org\/{rel}","templated":true}]}}