{"id":2,"date":"2023-05-27T12:02:30","date_gmt":"2023-05-27T12:02:30","guid":{"rendered":"https:\/\/trans-luzern.ch\/?page_id=2"},"modified":"2023-05-27T17:45:19","modified_gmt":"2023-05-27T17:45:19","slug":"sample-page","status":"publish","type":"page","link":"https:\/\/trans-luzern.ch\/","title":{"rendered":"Willkommen in der Fachstelle"},"content":{"rendered":"\n<h3 class=\"wp-block-heading\">Medizinische Dienstleistungen f\u00fcr transgender, gender diverse und intersexuelle Personen<\/h3>\n\n\n\n<p>Wir sind darauf spezialisiert Personen mit Geschlechtsvarianten bei&nbsp; gesundheitlichen Problemen und Transitionen zu beraten, zu begleiten und zu unterst\u00fctzen. Insbesondere helfen wir beim medizinischen Case Management.<\/p>\n\n\n\n<div style=\"height:21px\" aria-hidden=\"true\" class=\"wp-block-spacer\"><\/div>\n\n\n\n<figure class=\"wp-duotone-unset-1 wp-block-image size-large is-resized\"><img decoding=\"async\" loading=\"lazy\" src=\"https:\/\/trans-luzern.ch\/wp-content\/uploads\/2023\/05\/iStock-1182212179-1024x683.jpg\" alt=\"\" class=\"wp-image-24\" width=\"512\" height=\"342\" srcset=\"https:\/\/trans-luzern.ch\/wp-content\/uploads\/2023\/05\/iStock-1182212179-1024x683.jpg 1024w, https:\/\/trans-luzern.ch\/wp-content\/uploads\/2023\/05\/iStock-1182212179-300x200.jpg 300w, https:\/\/trans-luzern.ch\/wp-content\/uploads\/2023\/05\/iStock-1182212179-768x512.jpg 768w, https:\/\/trans-luzern.ch\/wp-content\/uploads\/2023\/05\/iStock-1182212179-1536x1024.jpg 1536w, https:\/\/trans-luzern.ch\/wp-content\/uploads\/2023\/05\/iStock-1182212179-2048x1365.jpg 2048w, https:\/\/trans-luzern.ch\/wp-content\/uploads\/2023\/05\/iStock-1182212179-360x240.jpg 360w\" sizes=\"(max-width: 512px) 100vw, 512px\" \/><\/figure>\n\n\n\n<div style=\"height:72px\" aria-hidden=\"true\" class=\"wp-block-spacer\"><\/div>\n\n\n\n<h3 class=\"wp-block-heading\">Unsere trans medizinische Expertise<\/h3>\n\n\n\n<p>Durch unsere Zusammenarbeit mit international renommierten Universit\u00e4ten ver\u00f6ffentlichen wir regelm\u00e4ssig Zusammenfassungen von Forschungsergebnissen auf dem Gebiet der Transgendermedizin, z. B. haben wir eine bedeutsame Ver\u00f6ffentlichung auf dem Gebiet der Hormontherapie f\u00fcr trans Frauen erstellt:&nbsp; <a href=\"https:\/\/pubmed.ncbi.nlm.nih.gov\/33251587\/\" target=\"_blank\" rel=\"noreferrer noopener\">https:\/\/pubmed.ncbi.nlm.nih.gov\/33251587\/<\/a><\/p>\n\n\n\n<p>Wir bem\u00fchen uns um strenge Objektivit\u00e4t,&nbsp; lassen uns nicht von der Pharmaindustrie korrumpieren, wir sind f\u00fcr unsere Patient:innen da und halten nichts von Profitmacherei im Gesundheitswesen. Wir orientieren uns an exzellenten, evidenzbasierten Standards und verlangen, dass Schweizer transgender Kliniken ihre Therapieerfolge wasserdicht belegen und nicht nur skrupellos behaupten. Aufgrund unserer Erfahrungen mit Versicherungen setzen wir uns f\u00fcr eine gute Kommunikation mit Kranken- und Invaliden-Versicherern ein. Wir unterst\u00fctzen die <a href=\"https:\/\/www.vertrauensaerzte.ch\/\">Schweizerische Gesellschaft der Vertrauens- und Versicherungs\u00e4rzte<\/a> (SGV).<\/p>\n\n\n\n<div style=\"height:72px\" aria-hidden=\"true\" class=\"wp-block-spacer\"><\/div>\n\n\n\n<h3 class=\"wp-block-heading\">Peer Erfahrung<\/h3>\n\n\n\n<p>Uns ist es wichtig, dass unsere Patient:innen wissen: Wir sind selbst Betroffene, kennen die N\u00f6te von Menschen mit Geschlechtsvarianten aufgrund eigener leidensvoller Erlebnisse und Erfahrungen. Wir engagieren uns konsequent und nachhaltig gegen Diskriminierung auch im Gesundheitswesen, wir wissen, wie sich Diskriminierung anf\u00fchlt. Allerdings sind wir kein Mitglied politischer transgender Netzwerke, wir streben keine Politkarriere an, uns geht es um den einzelnen Menschen und seine\/ihre Gesundheit, ideologische Abgehobenheit ist uns fremd.<\/p>\n\n\n\n<div style=\"height:72px\" aria-hidden=\"true\" class=\"wp-block-spacer\"><\/div>\n\n\n\n<h3 class=\"wp-block-heading\">Unsere Partnernetzwerke&nbsp;<\/h3>\n\n\n\n<p>Um unsere geschlechtsmedizinische Expertise zu garantieren, arbeiten wir in internationalen Netzwerken der evidenzbasierten Gesundheitsversorgung. Wir engagieren uns uns im weltweiten Netzwerk der <a href=\"https:\/\/jbi.global\/\">Joanna-Briggs-Collaboration<\/a> (JBIC). Wir sind klinischer Partner des <a href=\"https:\/\/jbi.dghce.de\/\">JBIC-DGHCE-CENTERS<\/a> an der Technischen Universit\u00e4t Darmstadt. Ausserdem kooperieren wir mit dem internationalen Netzwerk der <a href=\"https:\/\/www.cochrane.org\/\">Cochrane Collaboration<\/a>. Wir unterst\u00fctzen das Engagement des internationalen Netzwerks&nbsp; <a href=\"https:\/\/www.gradeworkinggroup.org\/\">GRADE-Working-Group<\/a>.&nbsp;<\/p>\n\n\n\n<figure class=\"wp-block-image size-large\"><img decoding=\"async\" loading=\"lazy\" width=\"1024\" height=\"246\" src=\"https:\/\/trans-luzern.ch\/wp-content\/uploads\/2023\/05\/Switzerland-Germany-EBGH-Luzern_ls@w1400alpha-1024x246.png\" alt=\"\" class=\"wp-image-18\" srcset=\"https:\/\/trans-luzern.ch\/wp-content\/uploads\/2023\/05\/Switzerland-Germany-EBGH-Luzern_ls@w1400alpha-1024x246.png 1024w, https:\/\/trans-luzern.ch\/wp-content\/uploads\/2023\/05\/Switzerland-Germany-EBGH-Luzern_ls@w1400alpha-300x72.png 300w, https:\/\/trans-luzern.ch\/wp-content\/uploads\/2023\/05\/Switzerland-Germany-EBGH-Luzern_ls@w1400alpha-768x184.png 768w, https:\/\/trans-luzern.ch\/wp-content\/uploads\/2023\/05\/Switzerland-Germany-EBGH-Luzern_ls@w1400alpha.png 1400w\" sizes=\"(max-width: 1024px) 100vw, 1024px\" \/><\/figure>\n\n\n\n<p>JBI ist eine globale Organisation, die evidenzbasierte Entscheidungen zur Verbesserung der Gesundheit und die Bereitstellung von Gesundheitsdiensten fokussiert.<\/p>\n\n\n\n<p>JBI bietet eine einzigartige Palette von L\u00f6sungen f\u00fcr den Zugang, die Bewertung und die Anwendung der besten verf\u00fcgbaren Evidenz.<\/p>\n\n\n\n<p>JBI ist bestrebt, die Gesundheitsergebnisse in Gemeinden weltweit zu verbessern, indem es die Nutzung der besten verf\u00fcgbaren Evidenz f\u00f6rdert und unterst\u00fctzt, um Entscheidungen am Ort der Versorgung zu treffen. Diese Arbeit beginnt und endet mit den Bed\u00fcrfnissen derjenigen, die in der Gesundheitsversorgung arbeiten und diese nutzen.<\/p>\n\n\n\n<p>JBI f\u00f6rdert und unterst\u00fctzt die Nachhaltigkeit verbesserter Gesundheitspraktiken und Gesundheitsergebnisse weltweit durch die Entwicklung und Bereitstellung einer Reihe einzigartiger evidenzbasierter Ressourcen, Software, Aus- und Weiterbildung.<\/p>\n\n\n\n<div style=\"height:72px\" aria-hidden=\"true\" class=\"wp-block-spacer\"><\/div>\n\n\n\n<h3 class=\"wp-block-heading\">Kontaktieren Sie uns<\/h3>\n\n\n\n<p>Wenn Sie an geschlechtsmedizinischer Begleitung\/Betreuung durch die Fachstelle interessiert sind<\/p>\n\n\n\n<p>Sie erreichen uns per E-Mail:<br><a href=\"mailto:c.haupt@ebgh.ch\">c.haupt@ebgh.ch<\/a><\/p>\n\n\n\n<p>Sie k\u00f6nnen uns auch \u00fcber Doc24 per E-Mail erreichen: <br><a href=\"https:\/\/www.doc24.ch\/de\/luzern-lu\/luzern\/psychiater\/alle\/Claudia-Haupt&nbsp;\">https:\/\/www.doc24.ch\/de\/luzern-lu\/luzern\/psychiater\/alle\/Claudia-Haupt&nbsp;<\/a><\/p>\n\n\n\n<p>Wir werden Sie rasch kontaktieren, um ein ERSTGESPR\u00c4CH zu vereinbaren.<\/p>\n","protected":false},"excerpt":{"rendered":"<p>Medizinische Dienstleistungen f\u00fcr transgender, gender diverse und intersexuelle Personen Wir sind darauf spezialisiert Personen mit Geschlechtsvarianten bei&nbsp; gesundheitlichen Problemen und Transitionen zu beraten, zu begleiten und zu unterst\u00fctzen. Insbesondere helfen wir beim medizinischen Case Management. Unsere trans medizinische Expertise Durch unsere Zusammenarbeit mit international renommierten Universit\u00e4ten ver\u00f6ffentlichen wir regelm\u00e4ssig Zusammenfassungen [&hellip;]<\/p>\n","protected":false},"author":1,"featured_media":7,"parent":0,"menu_order":0,"comment_status":"closed","ping_status":"closed","template":"page-templates\/template-page-sidebar.php","meta":[],"yoast_head":"<!-- This site is optimized with the Yoast SEO plugin v21.8.1 - https:\/\/yoast.com\/wordpress\/plugins\/seo\/ -->\n<title>Willkommen in der Fachstelle - Transfachstelle Luzern<\/title>\n<meta name=\"robots\" content=\"index, follow, max-snippet:-1, max-image-preview:large, max-video-preview:-1\" \/>\n<link rel=\"canonical\" href=\"https:\/\/trans-luzern.ch\/\" \/>\n<meta property=\"og:locale\" content=\"de_DE\" \/>\n<meta property=\"og:type\" content=\"article\" \/>\n<meta property=\"og:title\" content=\"Willkommen in der Fachstelle - Transfachstelle Luzern\" \/>\n<meta property=\"og:description\" content=\"Medizinische Dienstleistungen f\u00fcr transgender, gender diverse und intersexuelle Personen Wir sind darauf spezialisiert Personen mit Geschlechtsvarianten bei&nbsp; gesundheitlichen Problemen und Transitionen zu beraten, zu begleiten und zu unterst\u00fctzen. Insbesondere helfen wir beim medizinischen Case Management. Unsere trans medizinische Expertise Durch unsere Zusammenarbeit mit international renommierten Universit\u00e4ten ver\u00f6ffentlichen wir regelm\u00e4ssig Zusammenfassungen [&hellip;]\" \/>\n<meta property=\"og:url\" content=\"https:\/\/trans-luzern.ch\/\" \/>\n<meta property=\"og:site_name\" content=\"Transfachstelle Luzern\" \/>\n<meta property=\"article:modified_time\" content=\"2023-05-27T17:45:19+00:00\" \/>\n<meta property=\"og:image\" content=\"https:\/\/trans-luzern.ch\/wp-content\/uploads\/2023\/05\/europe-ga97c14118_1280.jpg\" \/>\n\t<meta property=\"og:image:width\" content=\"1280\" \/>\n\t<meta property=\"og:image:height\" content=\"853\" \/>\n\t<meta property=\"og:image:type\" content=\"image\/jpeg\" \/>\n<meta name=\"twitter:card\" content=\"summary_large_image\" \/>\n<meta name=\"twitter:label1\" content=\"Gesch\u00e4tzte Lesezeit\" \/>\n\t<meta name=\"twitter:data1\" content=\"3\u00a0Minuten\" \/>\n<script type=\"application\/ld+json\" class=\"yoast-schema-graph\">{\"@context\":\"https:\/\/schema.org\",\"@graph\":[{\"@type\":\"WebPage\",\"@id\":\"https:\/\/trans-luzern.ch\/\",\"url\":\"https:\/\/trans-luzern.ch\/\",\"name\":\"Willkommen in der Fachstelle - Transfachstelle Luzern\",\"isPartOf\":{\"@id\":\"https:\/\/trans-luzern.ch\/#website\"},\"datePublished\":\"2023-05-27T12:02:30+00:00\",\"dateModified\":\"2023-05-27T17:45:19+00:00\",\"breadcrumb\":{\"@id\":\"https:\/\/trans-luzern.ch\/#breadcrumb\"},\"inLanguage\":\"de\",\"potentialAction\":[{\"@type\":\"ReadAction\",\"target\":[\"https:\/\/trans-luzern.ch\/\"]}]},{\"@type\":\"BreadcrumbList\",\"@id\":\"https:\/\/trans-luzern.ch\/#breadcrumb\",\"itemListElement\":[{\"@type\":\"ListItem\",\"position\":1,\"name\":\"Startseite\",\"item\":\"https:\/\/trans-luzern.ch\/\"},{\"@type\":\"ListItem\",\"position\":2,\"name\":\"Willkommen in der Fachstelle\"}]},{\"@type\":\"WebSite\",\"@id\":\"https:\/\/trans-luzern.ch\/#website\",\"url\":\"https:\/\/trans-luzern.ch\/\",\"name\":\"Transfachstelle Luzern\",\"description\":\"\",\"potentialAction\":[{\"@type\":\"SearchAction\",\"target\":{\"@type\":\"EntryPoint\",\"urlTemplate\":\"https:\/\/trans-luzern.ch\/?s={search_term_string}\"},\"query-input\":\"required name=search_term_string\"}],\"inLanguage\":\"de\"}]}<\/script>\n<!-- \/ Yoast SEO plugin. -->","yoast_head_json":{"title":"Willkommen in der Fachstelle - Transfachstelle Luzern","robots":{"index":"index","follow":"follow","max-snippet":"max-snippet:-1","max-image-preview":"max-image-preview:large","max-video-preview":"max-video-preview:-1"},"canonical":"https:\/\/trans-luzern.ch\/","og_locale":"de_DE","og_type":"article","og_title":"Willkommen in der Fachstelle - Transfachstelle Luzern","og_description":"Medizinische Dienstleistungen f\u00fcr transgender, gender diverse und intersexuelle Personen Wir sind darauf spezialisiert Personen mit Geschlechtsvarianten bei&nbsp; gesundheitlichen Problemen und Transitionen zu beraten, zu begleiten und zu unterst\u00fctzen. Insbesondere helfen wir beim medizinischen Case Management. Unsere trans medizinische Expertise Durch unsere Zusammenarbeit mit international renommierten Universit\u00e4ten ver\u00f6ffentlichen wir regelm\u00e4ssig Zusammenfassungen [&hellip;]","og_url":"https:\/\/trans-luzern.ch\/","og_site_name":"Transfachstelle Luzern","article_modified_time":"2023-05-27T17:45:19+00:00","og_image":[{"width":1280,"height":853,"url":"https:\/\/trans-luzern.ch\/wp-content\/uploads\/2023\/05\/europe-ga97c14118_1280.jpg","type":"image\/jpeg"}],"twitter_card":"summary_large_image","twitter_misc":{"Gesch\u00e4tzte Lesezeit":"3\u00a0Minuten"},"schema":{"@context":"https:\/\/schema.org","@graph":[{"@type":"WebPage","@id":"https:\/\/trans-luzern.ch\/","url":"https:\/\/trans-luzern.ch\/","name":"Willkommen in der Fachstelle - Transfachstelle Luzern","isPartOf":{"@id":"https:\/\/trans-luzern.ch\/#website"},"datePublished":"2023-05-27T12:02:30+00:00","dateModified":"2023-05-27T17:45:19+00:00","breadcrumb":{"@id":"https:\/\/trans-luzern.ch\/#breadcrumb"},"inLanguage":"de","potentialAction":[{"@type":"ReadAction","target":["https:\/\/trans-luzern.ch\/"]}]},{"@type":"BreadcrumbList","@id":"https:\/\/trans-luzern.ch\/#breadcrumb","itemListElement":[{"@type":"ListItem","position":1,"name":"Startseite","item":"https:\/\/trans-luzern.ch\/"},{"@type":"ListItem","position":2,"name":"Willkommen in der Fachstelle"}]},{"@type":"WebSite","@id":"https:\/\/trans-luzern.ch\/#website","url":"https:\/\/trans-luzern.ch\/","name":"Transfachstelle Luzern","description":"","potentialAction":[{"@type":"SearchAction","target":{"@type":"EntryPoint","urlTemplate":"https:\/\/trans-luzern.ch\/?s={search_term_string}"},"query-input":"required name=search_term_string"}],"inLanguage":"de"}]}},"_links":{"self":[{"href":"https:\/\/trans-luzern.ch\/index.php?rest_route=\/wp\/v2\/pages\/2"}],"collection":[{"href":"https:\/\/trans-luzern.ch\/index.php?rest_route=\/wp\/v2\/pages"}],"about":[{"href":"https:\/\/trans-luzern.ch\/index.php?rest_route=\/wp\/v2\/types\/page"}],"author":[{"embeddable":true,"href":"https:\/\/trans-luzern.ch\/index.php?rest_route=\/wp\/v2\/users\/1"}],"replies":[{"embeddable":true,"href":"https:\/\/trans-luzern.ch\/index.php?rest_route=%2Fwp%2Fv2%2Fcomments&post=2"}],"version-history":[{"count":26,"href":"https:\/\/trans-luzern.ch\/index.php?rest_route=\/wp\/v2\/pages\/2\/revisions"}],"predecessor-version":[{"id":161,"href":"https:\/\/trans-luzern.ch\/index.php?rest_route=\/wp\/v2\/pages\/2\/revisions\/161"}],"wp:featuredmedia":[{"embeddable":true,"href":"https:\/\/trans-luzern.ch\/index.php?rest_route=\/wp\/v2\/media\/7"}],"wp:attachment":[{"href":"https:\/\/trans-luzern.ch\/index.php?rest_route=%2Fwp%2Fv2%2Fmedia&parent=2"}],"curies":[{"name":"wp","href":"https:\/\/api.w.org\/{rel}","templated":true}]}}