{"id":73,"date":"2023-05-27T12:02:30","date_gmt":"2023-05-27T12:02:30","guid":{"rendered":"https:\/\/trans-luzern.ch\/?page_id=73"},"modified":"2023-05-27T14:21:07","modified_gmt":"2023-05-27T14:21:07","slug":"sample-page-1-5-6","status":"publish","type":"page","link":"https:\/\/trans-luzern.ch\/?page_id=73","title":{"rendered":"Roberts Leibdiskrepanzen"},"content":{"rendered":"\n<p>Meine K\u00f6rpersprache ist nicht wirklich weiblich. Meine Br\u00fcste sicher mal die mochte ich nicht wirklich ich w\u00fcrde gerne oben ohne rumlaufen und trage auch Badehosen, wenn ich beim Wasser bin. Und wenn ich ehrlich bin wollte ich nie eine Frau sein. Was f\u00fcr mich auch nicht angenehm war in die Pubert\u00e4t zu kommen und die Periode zu haben. Schon nur \u00fcber Frauenprobleme zu reden fiel mir immer schwer. Deshalb sind mir auch solche Themen sehr unangenehm immer gewesen. Da ich im Zwiespalt und unstimmig war. Ich merke erst jetzt das ich immer schon zweigeteilt war einerseits mein \u00c4u\u00dferes der K\u00f6rper und anderseits meine Geschlechtlichkeit, deshalb bin und war ich komisch da ich schon immer in mir drin einen Kampf gef\u00fchrt habe. Nur schon nicht mehr diesen Kampf zu f\u00fchren ist f\u00fcr mich schon eine Befreiung. Wenn ich so dar\u00fcber nachdenke, eigentlich das ganze Frausein an sich, ist und war f\u00fcr mich immer schon unangenehm. Meine Freunde haben mich auch nie wirklich als Frau wahrgenommen. Eher als locker oder Kumpeltyp oder schon immer als Kerl in einem Frauenk\u00f6rper. Einige waren eher verwirrt, dass ich das nicht so wusste.<\/p>\n","protected":false},"excerpt":{"rendered":"<p>Meine K\u00f6rpersprache ist nicht wirklich weiblich. Meine Br\u00fcste sicher mal die mochte ich nicht wirklich ich w\u00fcrde gerne oben ohne rumlaufen und trage auch Badehosen, wenn ich beim Wasser bin. Und wenn ich ehrlich bin wollte ich nie eine Frau sein. Was f\u00fcr mich auch nicht angenehm war in die [&hellip;]<\/p>\n","protected":false},"author":2,"featured_media":7,"parent":65,"menu_order":10,"comment_status":"closed","ping_status":"closed","template":"","meta":[],"yoast_head":"<!-- This site is optimized with the Yoast SEO plugin v21.8.1 - https:\/\/yoast.com\/wordpress\/plugins\/seo\/ -->\n<title>Roberts Leibdiskrepanzen - Transfachstelle Luzern<\/title>\n<meta name=\"robots\" content=\"index, follow, max-snippet:-1, max-image-preview:large, max-video-preview:-1\" \/>\n<link rel=\"canonical\" href=\"https:\/\/trans-luzern.ch\/?page_id=73\" \/>\n<meta property=\"og:locale\" content=\"de_DE\" \/>\n<meta property=\"og:type\" content=\"article\" \/>\n<meta property=\"og:title\" content=\"Roberts Leibdiskrepanzen - Transfachstelle Luzern\" \/>\n<meta property=\"og:description\" content=\"Meine K\u00f6rpersprache ist nicht wirklich weiblich. Meine Br\u00fcste sicher mal die mochte ich nicht wirklich ich w\u00fcrde gerne oben ohne rumlaufen und trage auch Badehosen, wenn ich beim Wasser bin. Und wenn ich ehrlich bin wollte ich nie eine Frau sein. Was f\u00fcr mich auch nicht angenehm war in die [&hellip;]\" \/>\n<meta property=\"og:url\" content=\"https:\/\/trans-luzern.ch\/?page_id=73\" \/>\n<meta property=\"og:site_name\" content=\"Transfachstelle Luzern\" \/>\n<meta property=\"article:modified_time\" content=\"2023-05-27T14:21:07+00:00\" \/>\n<meta property=\"og:image\" content=\"https:\/\/trans-luzern.ch\/wp-content\/uploads\/2023\/05\/europe-ga97c14118_1280.jpg\" \/>\n\t<meta property=\"og:image:width\" content=\"1280\" \/>\n\t<meta property=\"og:image:height\" content=\"853\" \/>\n\t<meta property=\"og:image:type\" content=\"image\/jpeg\" \/>\n<meta name=\"twitter:card\" content=\"summary_large_image\" \/>\n<meta name=\"twitter:label1\" content=\"Gesch\u00e4tzte Lesezeit\" \/>\n\t<meta name=\"twitter:data1\" content=\"2\u00a0Minuten\" \/>\n<script type=\"application\/ld+json\" class=\"yoast-schema-graph\">{\"@context\":\"https:\/\/schema.org\",\"@graph\":[{\"@type\":\"WebPage\",\"@id\":\"https:\/\/trans-luzern.ch\/?page_id=73\",\"url\":\"https:\/\/trans-luzern.ch\/?page_id=73\",\"name\":\"Roberts Leibdiskrepanzen - Transfachstelle Luzern\",\"isPartOf\":{\"@id\":\"https:\/\/trans-luzern.ch\/#website\"},\"datePublished\":\"2023-05-27T12:02:30+00:00\",\"dateModified\":\"2023-05-27T14:21:07+00:00\",\"breadcrumb\":{\"@id\":\"https:\/\/trans-luzern.ch\/?page_id=73#breadcrumb\"},\"inLanguage\":\"de\",\"potentialAction\":[{\"@type\":\"ReadAction\",\"target\":[\"https:\/\/trans-luzern.ch\/?page_id=73\"]}]},{\"@type\":\"BreadcrumbList\",\"@id\":\"https:\/\/trans-luzern.ch\/?page_id=73#breadcrumb\",\"itemListElement\":[{\"@type\":\"ListItem\",\"position\":1,\"name\":\"Startseite\",\"item\":\"https:\/\/trans-luzern.ch\/\"},{\"@type\":\"ListItem\",\"position\":2,\"name\":\"Das TransDok-Projekt\",\"item\":\"https:\/\/trans-luzern.ch\/?page_id=65\"},{\"@type\":\"ListItem\",\"position\":3,\"name\":\"Roberts Leibdiskrepanzen\"}]},{\"@type\":\"WebSite\",\"@id\":\"https:\/\/trans-luzern.ch\/#website\",\"url\":\"https:\/\/trans-luzern.ch\/\",\"name\":\"Transfachstelle Luzern\",\"description\":\"\",\"potentialAction\":[{\"@type\":\"SearchAction\",\"target\":{\"@type\":\"EntryPoint\",\"urlTemplate\":\"https:\/\/trans-luzern.ch\/?s={search_term_string}\"},\"query-input\":\"required name=search_term_string\"}],\"inLanguage\":\"de\"}]}<\/script>\n<!-- \/ Yoast SEO plugin. -->","yoast_head_json":{"title":"Roberts Leibdiskrepanzen - Transfachstelle Luzern","robots":{"index":"index","follow":"follow","max-snippet":"max-snippet:-1","max-image-preview":"max-image-preview:large","max-video-preview":"max-video-preview:-1"},"canonical":"https:\/\/trans-luzern.ch\/?page_id=73","og_locale":"de_DE","og_type":"article","og_title":"Roberts Leibdiskrepanzen - Transfachstelle Luzern","og_description":"Meine K\u00f6rpersprache ist nicht wirklich weiblich. Meine Br\u00fcste sicher mal die mochte ich nicht wirklich ich w\u00fcrde gerne oben ohne rumlaufen und trage auch Badehosen, wenn ich beim Wasser bin. Und wenn ich ehrlich bin wollte ich nie eine Frau sein. Was f\u00fcr mich auch nicht angenehm war in die [&hellip;]","og_url":"https:\/\/trans-luzern.ch\/?page_id=73","og_site_name":"Transfachstelle Luzern","article_modified_time":"2023-05-27T14:21:07+00:00","og_image":[{"width":1280,"height":853,"url":"https:\/\/trans-luzern.ch\/wp-content\/uploads\/2023\/05\/europe-ga97c14118_1280.jpg","type":"image\/jpeg"}],"twitter_card":"summary_large_image","twitter_misc":{"Gesch\u00e4tzte Lesezeit":"2\u00a0Minuten"},"schema":{"@context":"https:\/\/schema.org","@graph":[{"@type":"WebPage","@id":"https:\/\/trans-luzern.ch\/?page_id=73","url":"https:\/\/trans-luzern.ch\/?page_id=73","name":"Roberts Leibdiskrepanzen - Transfachstelle Luzern","isPartOf":{"@id":"https:\/\/trans-luzern.ch\/#website"},"datePublished":"2023-05-27T12:02:30+00:00","dateModified":"2023-05-27T14:21:07+00:00","breadcrumb":{"@id":"https:\/\/trans-luzern.ch\/?page_id=73#breadcrumb"},"inLanguage":"de","potentialAction":[{"@type":"ReadAction","target":["https:\/\/trans-luzern.ch\/?page_id=73"]}]},{"@type":"BreadcrumbList","@id":"https:\/\/trans-luzern.ch\/?page_id=73#breadcrumb","itemListElement":[{"@type":"ListItem","position":1,"name":"Startseite","item":"https:\/\/trans-luzern.ch\/"},{"@type":"ListItem","position":2,"name":"Das TransDok-Projekt","item":"https:\/\/trans-luzern.ch\/?page_id=65"},{"@type":"ListItem","position":3,"name":"Roberts Leibdiskrepanzen"}]},{"@type":"WebSite","@id":"https:\/\/trans-luzern.ch\/#website","url":"https:\/\/trans-luzern.ch\/","name":"Transfachstelle Luzern","description":"","potentialAction":[{"@type":"SearchAction","target":{"@type":"EntryPoint","urlTemplate":"https:\/\/trans-luzern.ch\/?s={search_term_string}"},"query-input":"required name=search_term_string"}],"inLanguage":"de"}]}},"_links":{"self":[{"href":"https:\/\/trans-luzern.ch\/index.php?rest_route=\/wp\/v2\/pages\/73"}],"collection":[{"href":"https:\/\/trans-luzern.ch\/index.php?rest_route=\/wp\/v2\/pages"}],"about":[{"href":"https:\/\/trans-luzern.ch\/index.php?rest_route=\/wp\/v2\/types\/page"}],"author":[{"embeddable":true,"href":"https:\/\/trans-luzern.ch\/index.php?rest_route=\/wp\/v2\/users\/2"}],"replies":[{"embeddable":true,"href":"https:\/\/trans-luzern.ch\/index.php?rest_route=%2Fwp%2Fv2%2Fcomments&post=73"}],"version-history":[{"count":2,"href":"https:\/\/trans-luzern.ch\/index.php?rest_route=\/wp\/v2\/pages\/73\/revisions"}],"predecessor-version":[{"id":76,"href":"https:\/\/trans-luzern.ch\/index.php?rest_route=\/wp\/v2\/pages\/73\/revisions\/76"}],"up":[{"embeddable":true,"href":"https:\/\/trans-luzern.ch\/index.php?rest_route=\/wp\/v2\/pages\/65"}],"wp:featuredmedia":[{"embeddable":true,"href":"https:\/\/trans-luzern.ch\/index.php?rest_route=\/wp\/v2\/media\/7"}],"wp:attachment":[{"href":"https:\/\/trans-luzern.ch\/index.php?rest_route=%2Fwp%2Fv2%2Fmedia&parent=73"}],"curies":[{"name":"wp","href":"https:\/\/api.w.org\/{rel}","templated":true}]}}