{"id":81,"date":"2023-05-27T12:02:30","date_gmt":"2023-05-27T12:02:30","guid":{"rendered":"https:\/\/trans-luzern.ch\/?page_id=81"},"modified":"2023-05-27T14:27:15","modified_gmt":"2023-05-27T14:27:15","slug":"sample-page-1-5-6-7","status":"publish","type":"page","link":"https:\/\/trans-luzern.ch\/?page_id=81","title":{"rendered":"Georginas Waschk\u00fcchenerlebnisse"},"content":{"rendered":"\n<p>Ab dem Alter von 9 Jahren erlebte ich Merkw\u00fcrdiges. Oft, wenn ich zuhause alleine war, \u00fcberkamen mich merkw\u00fcrdige Empfindungen des Aufgeregt- und Angespanntseins sowie der inneren Unruhe. In solchen Zust\u00e4nden wusste ich Abhilfe zu schaffen. Ich ging in die Waschk\u00fcche, in der sich meistens W\u00e4schehaufen befanden. Ich zog mich aus und bekleidete mich mit Unterw\u00e4sche meiner Mutter. Schl\u00fcpfte in ihre Nylonstr\u00fcmpfe. Versuchte den Busen mit Orangen oder \u00c4pfeln auszustopfen, um dann ein Kleid \u00fcberzuziehen. Vollst\u00e4ndig angekleidet erlebte ich Gl\u00fccksgef\u00fchle, mit wiegendem Schritt erlebte ich mich gro\u00df und den Raum ausf\u00fcllend, m\u00e4chtig und bedeutend. Nach dem Ablegen der Kleidung kehrte eine eigent\u00fcmliche innere Ruhe und Behaglichkeit ein.<\/p>\n","protected":false},"excerpt":{"rendered":"<p>Ab dem Alter von 9 Jahren erlebte ich Merkw\u00fcrdiges. Oft, wenn ich zuhause alleine war, \u00fcberkamen mich merkw\u00fcrdige Empfindungen des Aufgeregt- und Angespanntseins sowie der inneren Unruhe. In solchen Zust\u00e4nden wusste ich Abhilfe zu schaffen. Ich ging in die Waschk\u00fcche, in der sich meistens W\u00e4schehaufen befanden. Ich zog mich aus [&hellip;]<\/p>\n","protected":false},"author":2,"featured_media":7,"parent":65,"menu_order":10,"comment_status":"closed","ping_status":"closed","template":"","meta":[],"yoast_head":"<!-- This site is optimized with the Yoast SEO plugin v21.8.1 - https:\/\/yoast.com\/wordpress\/plugins\/seo\/ -->\n<title>Georginas Waschk\u00fcchenerlebnisse - Transfachstelle Luzern<\/title>\n<meta name=\"robots\" content=\"index, follow, max-snippet:-1, max-image-preview:large, max-video-preview:-1\" \/>\n<link rel=\"canonical\" href=\"https:\/\/trans-luzern.ch\/?page_id=81\" \/>\n<meta property=\"og:locale\" content=\"de_DE\" \/>\n<meta property=\"og:type\" content=\"article\" \/>\n<meta property=\"og:title\" content=\"Georginas Waschk\u00fcchenerlebnisse - Transfachstelle Luzern\" \/>\n<meta property=\"og:description\" content=\"Ab dem Alter von 9 Jahren erlebte ich Merkw\u00fcrdiges. Oft, wenn ich zuhause alleine war, \u00fcberkamen mich merkw\u00fcrdige Empfindungen des Aufgeregt- und Angespanntseins sowie der inneren Unruhe. In solchen Zust\u00e4nden wusste ich Abhilfe zu schaffen. Ich ging in die Waschk\u00fcche, in der sich meistens W\u00e4schehaufen befanden. Ich zog mich aus [&hellip;]\" \/>\n<meta property=\"og:url\" content=\"https:\/\/trans-luzern.ch\/?page_id=81\" \/>\n<meta property=\"og:site_name\" content=\"Transfachstelle Luzern\" \/>\n<meta property=\"article:modified_time\" content=\"2023-05-27T14:27:15+00:00\" \/>\n<meta property=\"og:image\" content=\"https:\/\/trans-luzern.ch\/wp-content\/uploads\/2023\/05\/europe-ga97c14118_1280.jpg\" \/>\n\t<meta property=\"og:image:width\" content=\"1280\" \/>\n\t<meta property=\"og:image:height\" content=\"853\" \/>\n\t<meta property=\"og:image:type\" content=\"image\/jpeg\" \/>\n<meta name=\"twitter:card\" content=\"summary_large_image\" \/>\n<meta name=\"twitter:label1\" content=\"Gesch\u00e4tzte Lesezeit\" \/>\n\t<meta name=\"twitter:data1\" content=\"1\u00a0Minute\" \/>\n<script type=\"application\/ld+json\" class=\"yoast-schema-graph\">{\"@context\":\"https:\/\/schema.org\",\"@graph\":[{\"@type\":\"WebPage\",\"@id\":\"https:\/\/trans-luzern.ch\/?page_id=81\",\"url\":\"https:\/\/trans-luzern.ch\/?page_id=81\",\"name\":\"Georginas Waschk\u00fcchenerlebnisse - Transfachstelle Luzern\",\"isPartOf\":{\"@id\":\"https:\/\/trans-luzern.ch\/#website\"},\"datePublished\":\"2023-05-27T12:02:30+00:00\",\"dateModified\":\"2023-05-27T14:27:15+00:00\",\"breadcrumb\":{\"@id\":\"https:\/\/trans-luzern.ch\/?page_id=81#breadcrumb\"},\"inLanguage\":\"de\",\"potentialAction\":[{\"@type\":\"ReadAction\",\"target\":[\"https:\/\/trans-luzern.ch\/?page_id=81\"]}]},{\"@type\":\"BreadcrumbList\",\"@id\":\"https:\/\/trans-luzern.ch\/?page_id=81#breadcrumb\",\"itemListElement\":[{\"@type\":\"ListItem\",\"position\":1,\"name\":\"Startseite\",\"item\":\"https:\/\/trans-luzern.ch\/\"},{\"@type\":\"ListItem\",\"position\":2,\"name\":\"Das TransDok-Projekt\",\"item\":\"https:\/\/trans-luzern.ch\/?page_id=65\"},{\"@type\":\"ListItem\",\"position\":3,\"name\":\"Georginas Waschk\u00fcchenerlebnisse\"}]},{\"@type\":\"WebSite\",\"@id\":\"https:\/\/trans-luzern.ch\/#website\",\"url\":\"https:\/\/trans-luzern.ch\/\",\"name\":\"Transfachstelle Luzern\",\"description\":\"\",\"potentialAction\":[{\"@type\":\"SearchAction\",\"target\":{\"@type\":\"EntryPoint\",\"urlTemplate\":\"https:\/\/trans-luzern.ch\/?s={search_term_string}\"},\"query-input\":\"required name=search_term_string\"}],\"inLanguage\":\"de\"}]}<\/script>\n<!-- \/ Yoast SEO plugin. -->","yoast_head_json":{"title":"Georginas Waschk\u00fcchenerlebnisse - Transfachstelle Luzern","robots":{"index":"index","follow":"follow","max-snippet":"max-snippet:-1","max-image-preview":"max-image-preview:large","max-video-preview":"max-video-preview:-1"},"canonical":"https:\/\/trans-luzern.ch\/?page_id=81","og_locale":"de_DE","og_type":"article","og_title":"Georginas Waschk\u00fcchenerlebnisse - Transfachstelle Luzern","og_description":"Ab dem Alter von 9 Jahren erlebte ich Merkw\u00fcrdiges. Oft, wenn ich zuhause alleine war, \u00fcberkamen mich merkw\u00fcrdige Empfindungen des Aufgeregt- und Angespanntseins sowie der inneren Unruhe. In solchen Zust\u00e4nden wusste ich Abhilfe zu schaffen. Ich ging in die Waschk\u00fcche, in der sich meistens W\u00e4schehaufen befanden. Ich zog mich aus [&hellip;]","og_url":"https:\/\/trans-luzern.ch\/?page_id=81","og_site_name":"Transfachstelle Luzern","article_modified_time":"2023-05-27T14:27:15+00:00","og_image":[{"width":1280,"height":853,"url":"https:\/\/trans-luzern.ch\/wp-content\/uploads\/2023\/05\/europe-ga97c14118_1280.jpg","type":"image\/jpeg"}],"twitter_card":"summary_large_image","twitter_misc":{"Gesch\u00e4tzte Lesezeit":"1\u00a0Minute"},"schema":{"@context":"https:\/\/schema.org","@graph":[{"@type":"WebPage","@id":"https:\/\/trans-luzern.ch\/?page_id=81","url":"https:\/\/trans-luzern.ch\/?page_id=81","name":"Georginas Waschk\u00fcchenerlebnisse - Transfachstelle Luzern","isPartOf":{"@id":"https:\/\/trans-luzern.ch\/#website"},"datePublished":"2023-05-27T12:02:30+00:00","dateModified":"2023-05-27T14:27:15+00:00","breadcrumb":{"@id":"https:\/\/trans-luzern.ch\/?page_id=81#breadcrumb"},"inLanguage":"de","potentialAction":[{"@type":"ReadAction","target":["https:\/\/trans-luzern.ch\/?page_id=81"]}]},{"@type":"BreadcrumbList","@id":"https:\/\/trans-luzern.ch\/?page_id=81#breadcrumb","itemListElement":[{"@type":"ListItem","position":1,"name":"Startseite","item":"https:\/\/trans-luzern.ch\/"},{"@type":"ListItem","position":2,"name":"Das TransDok-Projekt","item":"https:\/\/trans-luzern.ch\/?page_id=65"},{"@type":"ListItem","position":3,"name":"Georginas Waschk\u00fcchenerlebnisse"}]},{"@type":"WebSite","@id":"https:\/\/trans-luzern.ch\/#website","url":"https:\/\/trans-luzern.ch\/","name":"Transfachstelle Luzern","description":"","potentialAction":[{"@type":"SearchAction","target":{"@type":"EntryPoint","urlTemplate":"https:\/\/trans-luzern.ch\/?s={search_term_string}"},"query-input":"required name=search_term_string"}],"inLanguage":"de"}]}},"_links":{"self":[{"href":"https:\/\/trans-luzern.ch\/index.php?rest_route=\/wp\/v2\/pages\/81"}],"collection":[{"href":"https:\/\/trans-luzern.ch\/index.php?rest_route=\/wp\/v2\/pages"}],"about":[{"href":"https:\/\/trans-luzern.ch\/index.php?rest_route=\/wp\/v2\/types\/page"}],"author":[{"embeddable":true,"href":"https:\/\/trans-luzern.ch\/index.php?rest_route=\/wp\/v2\/users\/2"}],"replies":[{"embeddable":true,"href":"https:\/\/trans-luzern.ch\/index.php?rest_route=%2Fwp%2Fv2%2Fcomments&post=81"}],"version-history":[{"count":1,"href":"https:\/\/trans-luzern.ch\/index.php?rest_route=\/wp\/v2\/pages\/81\/revisions"}],"predecessor-version":[{"id":82,"href":"https:\/\/trans-luzern.ch\/index.php?rest_route=\/wp\/v2\/pages\/81\/revisions\/82"}],"up":[{"embeddable":true,"href":"https:\/\/trans-luzern.ch\/index.php?rest_route=\/wp\/v2\/pages\/65"}],"wp:featuredmedia":[{"embeddable":true,"href":"https:\/\/trans-luzern.ch\/index.php?rest_route=\/wp\/v2\/media\/7"}],"wp:attachment":[{"href":"https:\/\/trans-luzern.ch\/index.php?rest_route=%2Fwp%2Fv2%2Fmedia&parent=81"}],"curies":[{"name":"wp","href":"https:\/\/api.w.org\/{rel}","templated":true}]}}