{"id":87,"date":"2023-05-27T12:02:30","date_gmt":"2023-05-27T12:02:30","guid":{"rendered":"https:\/\/trans-luzern.ch\/?page_id=87"},"modified":"2023-05-27T14:52:39","modified_gmt":"2023-05-27T14:52:39","slug":"sample-page-1-5-6-7-9","status":"publish","type":"page","link":"https:\/\/trans-luzern.ch\/?page_id=87","title":{"rendered":"Georgina zwischen Cowboy und Catwalk"},"content":{"rendered":"\n<p>Am Anfang meiner Transition stand der Neid. Weibliche Bewegung schien unerreichbar, ein ferner Kosmos. Meinen Cowboygang fand ich widerlich. Sehns\u00fcchtig beobachtete ich die Leichtigkeit, mit der sich Cis-Frauen bewegen. Im Zuge meiner zunehmenden Bewusstheit f\u00fcr meinen K\u00f6rper begann sich das unmerklich zu \u00e4ndern. Allm\u00e4hlich erlebte ich: Das Wesentliche ist nicht einen Catwalk-Gang zu imitieren, sondern seinem gesunden Gang freien Lauf zu lassen. Die Tipps meiner Physiotherapeutin haben wir weitergeholfen. Die F\u00fc\u00dfe als Fundament sp\u00fcren, beide F\u00fc\u00dfe beim Gehen abrollen lassen, nicht schlurfen, dadurch viel mehr Schwung in die Bewegung bekommen. Keine albern wirkende Catwalk-Imitation, ich stelle mir immer vor, meine F\u00fc\u00dfe bewegen sich auf zwei Schienen, jeder Fu\u00df auf einer Schiene, keine gro\u00dfe Spurweite. Ich setze jeden Fu\u00df gerade vor einem Fu\u00dfabdruck des anderen Fu\u00dfes. Der Kopf gerade, der Blick voraus. Nicht wie ein Zinnsoldat bewegen, sondern: Die Schultern bewegen und zwar im Gegensatz zu dem Fu\u00df. Setze ich den linken Fu\u00df nach vorne gehe ich ein wenig mit der rechten Schulter nach vorne, wenn ich den rechten Fu\u00df nach vorne bewege, kommt die linke Schulter ein bisschen vor. Das allm\u00e4hlich im lockerer und sicherer, die Achtsamkeit w\u00e4chst allm\u00e4hlich.<\/p>\n","protected":false},"excerpt":{"rendered":"<p>Am Anfang meiner Transition stand der Neid. Weibliche Bewegung schien unerreichbar, ein ferner Kosmos. Meinen Cowboygang fand ich widerlich. Sehns\u00fcchtig beobachtete ich die Leichtigkeit, mit der sich Cis-Frauen bewegen. Im Zuge meiner zunehmenden Bewusstheit f\u00fcr meinen K\u00f6rper begann sich das unmerklich zu \u00e4ndern. Allm\u00e4hlich erlebte ich: Das Wesentliche ist nicht [&hellip;]<\/p>\n","protected":false},"author":2,"featured_media":7,"parent":65,"menu_order":10,"comment_status":"closed","ping_status":"closed","template":"","meta":[],"yoast_head":"<!-- This site is optimized with the Yoast SEO plugin v21.8.1 - https:\/\/yoast.com\/wordpress\/plugins\/seo\/ -->\n<title>Georgina zwischen Cowboy und Catwalk - Transfachstelle Luzern<\/title>\n<meta name=\"robots\" content=\"index, follow, max-snippet:-1, max-image-preview:large, max-video-preview:-1\" \/>\n<link rel=\"canonical\" href=\"https:\/\/trans-luzern.ch\/?page_id=87\" \/>\n<meta property=\"og:locale\" content=\"de_DE\" \/>\n<meta property=\"og:type\" content=\"article\" \/>\n<meta property=\"og:title\" content=\"Georgina zwischen Cowboy und Catwalk - Transfachstelle Luzern\" \/>\n<meta property=\"og:description\" content=\"Am Anfang meiner Transition stand der Neid. Weibliche Bewegung schien unerreichbar, ein ferner Kosmos. Meinen Cowboygang fand ich widerlich. Sehns\u00fcchtig beobachtete ich die Leichtigkeit, mit der sich Cis-Frauen bewegen. Im Zuge meiner zunehmenden Bewusstheit f\u00fcr meinen K\u00f6rper begann sich das unmerklich zu \u00e4ndern. Allm\u00e4hlich erlebte ich: Das Wesentliche ist nicht [&hellip;]\" \/>\n<meta property=\"og:url\" content=\"https:\/\/trans-luzern.ch\/?page_id=87\" \/>\n<meta property=\"og:site_name\" content=\"Transfachstelle Luzern\" \/>\n<meta property=\"article:modified_time\" content=\"2023-05-27T14:52:39+00:00\" \/>\n<meta property=\"og:image\" content=\"https:\/\/trans-luzern.ch\/wp-content\/uploads\/2023\/05\/europe-ga97c14118_1280.jpg\" \/>\n\t<meta property=\"og:image:width\" content=\"1280\" \/>\n\t<meta property=\"og:image:height\" content=\"853\" \/>\n\t<meta property=\"og:image:type\" content=\"image\/jpeg\" \/>\n<meta name=\"twitter:card\" content=\"summary_large_image\" \/>\n<meta name=\"twitter:label1\" content=\"Gesch\u00e4tzte Lesezeit\" \/>\n\t<meta name=\"twitter:data1\" content=\"2\u00a0Minuten\" \/>\n<script type=\"application\/ld+json\" class=\"yoast-schema-graph\">{\"@context\":\"https:\/\/schema.org\",\"@graph\":[{\"@type\":\"WebPage\",\"@id\":\"https:\/\/trans-luzern.ch\/?page_id=87\",\"url\":\"https:\/\/trans-luzern.ch\/?page_id=87\",\"name\":\"Georgina zwischen Cowboy und Catwalk - Transfachstelle Luzern\",\"isPartOf\":{\"@id\":\"https:\/\/trans-luzern.ch\/#website\"},\"datePublished\":\"2023-05-27T12:02:30+00:00\",\"dateModified\":\"2023-05-27T14:52:39+00:00\",\"breadcrumb\":{\"@id\":\"https:\/\/trans-luzern.ch\/?page_id=87#breadcrumb\"},\"inLanguage\":\"de\",\"potentialAction\":[{\"@type\":\"ReadAction\",\"target\":[\"https:\/\/trans-luzern.ch\/?page_id=87\"]}]},{\"@type\":\"BreadcrumbList\",\"@id\":\"https:\/\/trans-luzern.ch\/?page_id=87#breadcrumb\",\"itemListElement\":[{\"@type\":\"ListItem\",\"position\":1,\"name\":\"Startseite\",\"item\":\"https:\/\/trans-luzern.ch\/\"},{\"@type\":\"ListItem\",\"position\":2,\"name\":\"Das TransDok-Projekt\",\"item\":\"https:\/\/trans-luzern.ch\/?page_id=65\"},{\"@type\":\"ListItem\",\"position\":3,\"name\":\"Georgina zwischen Cowboy und Catwalk\"}]},{\"@type\":\"WebSite\",\"@id\":\"https:\/\/trans-luzern.ch\/#website\",\"url\":\"https:\/\/trans-luzern.ch\/\",\"name\":\"Transfachstelle Luzern\",\"description\":\"\",\"potentialAction\":[{\"@type\":\"SearchAction\",\"target\":{\"@type\":\"EntryPoint\",\"urlTemplate\":\"https:\/\/trans-luzern.ch\/?s={search_term_string}\"},\"query-input\":\"required name=search_term_string\"}],\"inLanguage\":\"de\"}]}<\/script>\n<!-- \/ Yoast SEO plugin. -->","yoast_head_json":{"title":"Georgina zwischen Cowboy und Catwalk - Transfachstelle Luzern","robots":{"index":"index","follow":"follow","max-snippet":"max-snippet:-1","max-image-preview":"max-image-preview:large","max-video-preview":"max-video-preview:-1"},"canonical":"https:\/\/trans-luzern.ch\/?page_id=87","og_locale":"de_DE","og_type":"article","og_title":"Georgina zwischen Cowboy und Catwalk - Transfachstelle Luzern","og_description":"Am Anfang meiner Transition stand der Neid. Weibliche Bewegung schien unerreichbar, ein ferner Kosmos. Meinen Cowboygang fand ich widerlich. Sehns\u00fcchtig beobachtete ich die Leichtigkeit, mit der sich Cis-Frauen bewegen. Im Zuge meiner zunehmenden Bewusstheit f\u00fcr meinen K\u00f6rper begann sich das unmerklich zu \u00e4ndern. Allm\u00e4hlich erlebte ich: Das Wesentliche ist nicht [&hellip;]","og_url":"https:\/\/trans-luzern.ch\/?page_id=87","og_site_name":"Transfachstelle Luzern","article_modified_time":"2023-05-27T14:52:39+00:00","og_image":[{"width":1280,"height":853,"url":"https:\/\/trans-luzern.ch\/wp-content\/uploads\/2023\/05\/europe-ga97c14118_1280.jpg","type":"image\/jpeg"}],"twitter_card":"summary_large_image","twitter_misc":{"Gesch\u00e4tzte Lesezeit":"2\u00a0Minuten"},"schema":{"@context":"https:\/\/schema.org","@graph":[{"@type":"WebPage","@id":"https:\/\/trans-luzern.ch\/?page_id=87","url":"https:\/\/trans-luzern.ch\/?page_id=87","name":"Georgina zwischen Cowboy und Catwalk - Transfachstelle Luzern","isPartOf":{"@id":"https:\/\/trans-luzern.ch\/#website"},"datePublished":"2023-05-27T12:02:30+00:00","dateModified":"2023-05-27T14:52:39+00:00","breadcrumb":{"@id":"https:\/\/trans-luzern.ch\/?page_id=87#breadcrumb"},"inLanguage":"de","potentialAction":[{"@type":"ReadAction","target":["https:\/\/trans-luzern.ch\/?page_id=87"]}]},{"@type":"BreadcrumbList","@id":"https:\/\/trans-luzern.ch\/?page_id=87#breadcrumb","itemListElement":[{"@type":"ListItem","position":1,"name":"Startseite","item":"https:\/\/trans-luzern.ch\/"},{"@type":"ListItem","position":2,"name":"Das TransDok-Projekt","item":"https:\/\/trans-luzern.ch\/?page_id=65"},{"@type":"ListItem","position":3,"name":"Georgina zwischen Cowboy und Catwalk"}]},{"@type":"WebSite","@id":"https:\/\/trans-luzern.ch\/#website","url":"https:\/\/trans-luzern.ch\/","name":"Transfachstelle Luzern","description":"","potentialAction":[{"@type":"SearchAction","target":{"@type":"EntryPoint","urlTemplate":"https:\/\/trans-luzern.ch\/?s={search_term_string}"},"query-input":"required name=search_term_string"}],"inLanguage":"de"}]}},"_links":{"self":[{"href":"https:\/\/trans-luzern.ch\/index.php?rest_route=\/wp\/v2\/pages\/87"}],"collection":[{"href":"https:\/\/trans-luzern.ch\/index.php?rest_route=\/wp\/v2\/pages"}],"about":[{"href":"https:\/\/trans-luzern.ch\/index.php?rest_route=\/wp\/v2\/types\/page"}],"author":[{"embeddable":true,"href":"https:\/\/trans-luzern.ch\/index.php?rest_route=\/wp\/v2\/users\/2"}],"replies":[{"embeddable":true,"href":"https:\/\/trans-luzern.ch\/index.php?rest_route=%2Fwp%2Fv2%2Fcomments&post=87"}],"version-history":[{"count":1,"href":"https:\/\/trans-luzern.ch\/index.php?rest_route=\/wp\/v2\/pages\/87\/revisions"}],"predecessor-version":[{"id":88,"href":"https:\/\/trans-luzern.ch\/index.php?rest_route=\/wp\/v2\/pages\/87\/revisions\/88"}],"up":[{"embeddable":true,"href":"https:\/\/trans-luzern.ch\/index.php?rest_route=\/wp\/v2\/pages\/65"}],"wp:featuredmedia":[{"embeddable":true,"href":"https:\/\/trans-luzern.ch\/index.php?rest_route=\/wp\/v2\/media\/7"}],"wp:attachment":[{"href":"https:\/\/trans-luzern.ch\/index.php?rest_route=%2Fwp%2Fv2%2Fmedia&parent=87"}],"curies":[{"name":"wp","href":"https:\/\/api.w.org\/{rel}","templated":true}]}}