{"id":90,"date":"2023-05-27T12:02:30","date_gmt":"2023-05-27T12:02:30","guid":{"rendered":"https:\/\/trans-luzern.ch\/?page_id=90"},"modified":"2023-05-27T14:54:59","modified_gmt":"2023-05-27T14:54:59","slug":"sample-page-1-5-6-7-9-10","status":"publish","type":"page","link":"https:\/\/trans-luzern.ch\/?page_id=90","title":{"rendered":"Sina im Bus"},"content":{"rendered":"\n<p>Ich f\u00fchle mich noch reichlich unsicher, erst seit wenigen Wochen hatte ich den Wechsel vollzogen. Ich stieg in den Bus, Lampenfieber und innere Anspannung angesichts des noch Ungewohnten. Die Bewegungen noch schwerf\u00e4llig und ungelenk, die Stimme noch sehr m\u00e4nnlich. W\u00e4hrend der Bus seine Kurven drehte und wir ordentlich durchgesch\u00fcttelt wurden, begann es in einer Gruppe von Sch\u00fclerinnen zu kichern und zu tuscheln. Eine der Sch\u00fclerinnen zeigte mit ihrem nackten Zeigefinger auf mich, abermaliges Tuscheln und Kichern. Mir wurde hei\u00df, ich begann Schw\u00e4che zu empfinden, auch Niedergeschlagenheit und Scham.<\/p>\n","protected":false},"excerpt":{"rendered":"<p>Ich f\u00fchle mich noch reichlich unsicher, erst seit wenigen Wochen hatte ich den Wechsel vollzogen. Ich stieg in den Bus, Lampenfieber und innere Anspannung angesichts des noch Ungewohnten. Die Bewegungen noch schwerf\u00e4llig und ungelenk, die Stimme noch sehr m\u00e4nnlich. W\u00e4hrend der Bus seine Kurven drehte und wir ordentlich durchgesch\u00fcttelt wurden, [&hellip;]<\/p>\n","protected":false},"author":2,"featured_media":7,"parent":65,"menu_order":10,"comment_status":"closed","ping_status":"closed","template":"","meta":[],"yoast_head":"<!-- This site is optimized with the Yoast SEO plugin v21.8.1 - https:\/\/yoast.com\/wordpress\/plugins\/seo\/ -->\n<title>Sina im Bus - Transfachstelle Luzern<\/title>\n<meta name=\"robots\" content=\"index, follow, max-snippet:-1, max-image-preview:large, max-video-preview:-1\" \/>\n<link rel=\"canonical\" href=\"https:\/\/trans-luzern.ch\/?page_id=90\" \/>\n<meta property=\"og:locale\" content=\"de_DE\" \/>\n<meta property=\"og:type\" content=\"article\" \/>\n<meta property=\"og:title\" content=\"Sina im Bus - Transfachstelle Luzern\" \/>\n<meta property=\"og:description\" content=\"Ich f\u00fchle mich noch reichlich unsicher, erst seit wenigen Wochen hatte ich den Wechsel vollzogen. Ich stieg in den Bus, Lampenfieber und innere Anspannung angesichts des noch Ungewohnten. Die Bewegungen noch schwerf\u00e4llig und ungelenk, die Stimme noch sehr m\u00e4nnlich. W\u00e4hrend der Bus seine Kurven drehte und wir ordentlich durchgesch\u00fcttelt wurden, [&hellip;]\" \/>\n<meta property=\"og:url\" content=\"https:\/\/trans-luzern.ch\/?page_id=90\" \/>\n<meta property=\"og:site_name\" content=\"Transfachstelle Luzern\" \/>\n<meta property=\"article:modified_time\" content=\"2023-05-27T14:54:59+00:00\" \/>\n<meta property=\"og:image\" content=\"https:\/\/trans-luzern.ch\/wp-content\/uploads\/2023\/05\/europe-ga97c14118_1280.jpg\" \/>\n\t<meta property=\"og:image:width\" content=\"1280\" \/>\n\t<meta property=\"og:image:height\" content=\"853\" \/>\n\t<meta property=\"og:image:type\" content=\"image\/jpeg\" \/>\n<meta name=\"twitter:card\" content=\"summary_large_image\" \/>\n<meta name=\"twitter:label1\" content=\"Gesch\u00e4tzte Lesezeit\" \/>\n\t<meta name=\"twitter:data1\" content=\"1\u00a0Minute\" \/>\n<script type=\"application\/ld+json\" class=\"yoast-schema-graph\">{\"@context\":\"https:\/\/schema.org\",\"@graph\":[{\"@type\":\"WebPage\",\"@id\":\"https:\/\/trans-luzern.ch\/?page_id=90\",\"url\":\"https:\/\/trans-luzern.ch\/?page_id=90\",\"name\":\"Sina im Bus - Transfachstelle Luzern\",\"isPartOf\":{\"@id\":\"https:\/\/trans-luzern.ch\/#website\"},\"datePublished\":\"2023-05-27T12:02:30+00:00\",\"dateModified\":\"2023-05-27T14:54:59+00:00\",\"breadcrumb\":{\"@id\":\"https:\/\/trans-luzern.ch\/?page_id=90#breadcrumb\"},\"inLanguage\":\"de\",\"potentialAction\":[{\"@type\":\"ReadAction\",\"target\":[\"https:\/\/trans-luzern.ch\/?page_id=90\"]}]},{\"@type\":\"BreadcrumbList\",\"@id\":\"https:\/\/trans-luzern.ch\/?page_id=90#breadcrumb\",\"itemListElement\":[{\"@type\":\"ListItem\",\"position\":1,\"name\":\"Startseite\",\"item\":\"https:\/\/trans-luzern.ch\/\"},{\"@type\":\"ListItem\",\"position\":2,\"name\":\"Das TransDok-Projekt\",\"item\":\"https:\/\/trans-luzern.ch\/?page_id=65\"},{\"@type\":\"ListItem\",\"position\":3,\"name\":\"Sina im Bus\"}]},{\"@type\":\"WebSite\",\"@id\":\"https:\/\/trans-luzern.ch\/#website\",\"url\":\"https:\/\/trans-luzern.ch\/\",\"name\":\"Transfachstelle Luzern\",\"description\":\"\",\"potentialAction\":[{\"@type\":\"SearchAction\",\"target\":{\"@type\":\"EntryPoint\",\"urlTemplate\":\"https:\/\/trans-luzern.ch\/?s={search_term_string}\"},\"query-input\":\"required name=search_term_string\"}],\"inLanguage\":\"de\"}]}<\/script>\n<!-- \/ Yoast SEO plugin. -->","yoast_head_json":{"title":"Sina im Bus - Transfachstelle Luzern","robots":{"index":"index","follow":"follow","max-snippet":"max-snippet:-1","max-image-preview":"max-image-preview:large","max-video-preview":"max-video-preview:-1"},"canonical":"https:\/\/trans-luzern.ch\/?page_id=90","og_locale":"de_DE","og_type":"article","og_title":"Sina im Bus - Transfachstelle Luzern","og_description":"Ich f\u00fchle mich noch reichlich unsicher, erst seit wenigen Wochen hatte ich den Wechsel vollzogen. Ich stieg in den Bus, Lampenfieber und innere Anspannung angesichts des noch Ungewohnten. Die Bewegungen noch schwerf\u00e4llig und ungelenk, die Stimme noch sehr m\u00e4nnlich. W\u00e4hrend der Bus seine Kurven drehte und wir ordentlich durchgesch\u00fcttelt wurden, [&hellip;]","og_url":"https:\/\/trans-luzern.ch\/?page_id=90","og_site_name":"Transfachstelle Luzern","article_modified_time":"2023-05-27T14:54:59+00:00","og_image":[{"width":1280,"height":853,"url":"https:\/\/trans-luzern.ch\/wp-content\/uploads\/2023\/05\/europe-ga97c14118_1280.jpg","type":"image\/jpeg"}],"twitter_card":"summary_large_image","twitter_misc":{"Gesch\u00e4tzte Lesezeit":"1\u00a0Minute"},"schema":{"@context":"https:\/\/schema.org","@graph":[{"@type":"WebPage","@id":"https:\/\/trans-luzern.ch\/?page_id=90","url":"https:\/\/trans-luzern.ch\/?page_id=90","name":"Sina im Bus - Transfachstelle Luzern","isPartOf":{"@id":"https:\/\/trans-luzern.ch\/#website"},"datePublished":"2023-05-27T12:02:30+00:00","dateModified":"2023-05-27T14:54:59+00:00","breadcrumb":{"@id":"https:\/\/trans-luzern.ch\/?page_id=90#breadcrumb"},"inLanguage":"de","potentialAction":[{"@type":"ReadAction","target":["https:\/\/trans-luzern.ch\/?page_id=90"]}]},{"@type":"BreadcrumbList","@id":"https:\/\/trans-luzern.ch\/?page_id=90#breadcrumb","itemListElement":[{"@type":"ListItem","position":1,"name":"Startseite","item":"https:\/\/trans-luzern.ch\/"},{"@type":"ListItem","position":2,"name":"Das TransDok-Projekt","item":"https:\/\/trans-luzern.ch\/?page_id=65"},{"@type":"ListItem","position":3,"name":"Sina im Bus"}]},{"@type":"WebSite","@id":"https:\/\/trans-luzern.ch\/#website","url":"https:\/\/trans-luzern.ch\/","name":"Transfachstelle Luzern","description":"","potentialAction":[{"@type":"SearchAction","target":{"@type":"EntryPoint","urlTemplate":"https:\/\/trans-luzern.ch\/?s={search_term_string}"},"query-input":"required name=search_term_string"}],"inLanguage":"de"}]}},"_links":{"self":[{"href":"https:\/\/trans-luzern.ch\/index.php?rest_route=\/wp\/v2\/pages\/90"}],"collection":[{"href":"https:\/\/trans-luzern.ch\/index.php?rest_route=\/wp\/v2\/pages"}],"about":[{"href":"https:\/\/trans-luzern.ch\/index.php?rest_route=\/wp\/v2\/types\/page"}],"author":[{"embeddable":true,"href":"https:\/\/trans-luzern.ch\/index.php?rest_route=\/wp\/v2\/users\/2"}],"replies":[{"embeddable":true,"href":"https:\/\/trans-luzern.ch\/index.php?rest_route=%2Fwp%2Fv2%2Fcomments&post=90"}],"version-history":[{"count":1,"href":"https:\/\/trans-luzern.ch\/index.php?rest_route=\/wp\/v2\/pages\/90\/revisions"}],"predecessor-version":[{"id":91,"href":"https:\/\/trans-luzern.ch\/index.php?rest_route=\/wp\/v2\/pages\/90\/revisions\/91"}],"up":[{"embeddable":true,"href":"https:\/\/trans-luzern.ch\/index.php?rest_route=\/wp\/v2\/pages\/65"}],"wp:featuredmedia":[{"embeddable":true,"href":"https:\/\/trans-luzern.ch\/index.php?rest_route=\/wp\/v2\/media\/7"}],"wp:attachment":[{"href":"https:\/\/trans-luzern.ch\/index.php?rest_route=%2Fwp%2Fv2%2Fmedia&parent=90"}],"curies":[{"name":"wp","href":"https:\/\/api.w.org\/{rel}","templated":true}]}}