{"id":99,"date":"2023-05-27T12:02:30","date_gmt":"2023-05-27T12:02:30","guid":{"rendered":"https:\/\/trans-luzern.ch\/?page_id=99"},"modified":"2023-05-27T15:01:55","modified_gmt":"2023-05-27T15:01:55","slug":"sample-page-1-5-6-7-9-10-11-12","status":"publish","type":"page","link":"https:\/\/trans-luzern.ch\/?page_id=99","title":{"rendered":"Emmi \u00fcber ihre Unterleibdiskrepanzen"},"content":{"rendered":"\n<p>Um \u00fcber meine Empfindungen und Gef\u00fchle zur Unterleibsdiskrepanz zu berichten, muss ich nach wie vor meine Schamgrenzen, Schuld- und Ekelgef\u00fchle \u00fcberwinden.<\/p>\n\n\n\n<p>Wenn ich bewusst daran denke, wie sehr ich vor meinem Outing, und nat\u00fcrlich jetzt immer noch, darunter leiden muss, im falschen K\u00f6rper zu stecken, kommen in mir Ekel-, Schuld- und Schamgef\u00fchle hoch, vor allem in dem Moment der punktuellen Erregung und des plumpen, abrupten Abspritzens, sch\u00e4me ich mich besonders f\u00fcr meinen K\u00f6rper.<\/p>\n\n\n\n<p>Das ist f\u00fcr mich das Schlimmste, im eigenen K\u00f6rper gefangen zu sein.<\/p>\n\n\n\n<p>Es war mir vor meinem Outing nicht bewusst, woher diese Gef\u00fchle der Unausgeglichenheit und Empfindungen kommen. Konnte diese nur schwer einordnen und habe versucht es zu verdr\u00e4ngen, um der \u201eM\u00e4nnerrolle\u201c gerecht zu werden, die von mir erwartet wurde. Jetzt nach dem Outing ist mir alles ganz klar, mit dem heutigen Bewusstsein \u00fcberblicke ich meinen Leidensweg nun gesamthaft, dieses tiefe innere Leid und das Ringen mit mir selber all die ganzen Jahrzehnte. Einfach nur schrecklich, so etwas durchleben zu m\u00fcssen. Sich f\u00fcr seinen eigenen K\u00f6rper zu sch\u00e4men, das ging so weit sich nicht gern freiz\u00fcgig, ja geschweige denn gar nackt vor meiner Partnerin zu zeigen.<\/p>\n\n\n\n<p>In all meinen Beziehungen mit Frauen hatte ich w\u00e4hrend des sexuellen Aktes, bedingt durch die Schwellung dieses steifen, gro\u00dfen \u201ePr\u00fcgels\u201c und das Eindringen mit der Spitze, der Eichel voran, wie ein Machtgef\u00fchl, das Gef\u00fchl \u00fcber meine Partnerin zu herrschen.<\/p>\n\n\n\n<p>Ein Ding, was herausragt und dann w\u00e4hrend der Erektion den platten und schnellen, oberfl\u00e4chlichen, auf den einen Punkt bezogenen H\u00f6hepunkt, diese eklige, klebrige, milchige Spermafl\u00fcssigkeit herausspritzt. Ich empfand es nicht nur als ekelhaft, sondern es war befremdlich, autorit\u00e4r und besitzergreifend. Also kurzum: das war nicht wirklich ich, der \u201edas machen musste\u201c. Endlich vorbei. Endlich kann ich offen \u00fcber meine tiefsten Sehns\u00fcchte sprechen und diese auch immer mehr f\u00fchlen.<\/p>\n\n\n\n<p>Meine tiefste Sehnsucht und mein gr\u00f6\u00dfter Wunsch war und ist es, die vaginale Enge, die k\u00f6rperliche innere Weite und diese Spannung, die Frauen in ihrer Erregung sp\u00fcren, auch so erleben zu d\u00fcrfen. Doch noch sieht die Realit\u00e4t leider anders aus, noch.<\/p>\n\n\n\n<p>Die Befriedigung bei Frauen ist nicht so lasch, auf dem Punkt und so schnell vorbei wie bei den M\u00e4nnern.<\/p>\n\n\n\n<p>Ich habe meine Partnerinnen immer darum beneidet und bewundert. Um diesen inneren pulsierenden Rhythmus, die Erregtheit ihres K\u00f6rpers, alles bebt und schwingt und l\u00e4sst die Spannung zum H\u00f6hepunkt explosionsartig im gesamten Unterleib frei. Eine hohe Intensit\u00e4t an Gl\u00fccksgef\u00fchlen und die innere Weite sp\u00fcrend, sich einfach fallen lassen. Wie unglaublich sch\u00f6n muss dieser Moment doch sein. Ich habe so eine gro\u00dfe Sehnsucht danach. Nach all diesen Gef\u00fchlen und Empfindungen.<\/p>\n\n\n\n<p>Mittlerweile sp\u00fcre ich sexuelle Erregung bedingt durch die HRT immer mehr so, wie ich es damals bei meinen Partnerinnen beobachtet, empfunden und erkl\u00e4rt bekommen habe. Habe versucht, mir diese Gef\u00fchle und Erregung im eigenen K\u00f6rper vorzustellen, durch die Hormone bin ich diesen schon einen kleinen Schritt n\u00e4hergekommen.<\/p>\n\n\n\n<p>Dennoch und gerade jetzt, wo ich auf den richtigen Weg bin, bleibt diese tiefe Sehnsucht nach all den intensiven, tiefgreifenden Gef\u00fchlen der Ekstase, der Enge der Vagina, nach dem pulsierenden, schwingenden, zentrierten K\u00f6rperempfinden.<\/p>\n\n\n\n<p>Mein gr\u00f6\u00dfter und sehnlichster Wunsch ist es, dieses gro\u00dfe Leiden unter dieser Diskrepanz endlich loszuwerden. All diese wunderbaren Empfindungen und Gef\u00fchle vollumf\u00e4nglich selber, im eigenen Leib sp\u00fcren zu d\u00fcrfen.<\/p>\n\n\n\n<p>Endlich gl\u00fccklich mit meinem K\u00f6rper zu sein, ihn akzeptieren zu k\u00f6nnen und endlich komplett \u201eIch\u201c sein zu d\u00fcrfen.<\/p>\n","protected":false},"excerpt":{"rendered":"<p>Um \u00fcber meine Empfindungen und Gef\u00fchle zur Unterleibsdiskrepanz zu berichten, muss ich nach wie vor meine Schamgrenzen, Schuld- und Ekelgef\u00fchle \u00fcberwinden. Wenn ich bewusst daran denke, wie sehr ich vor meinem Outing, und nat\u00fcrlich jetzt immer noch, darunter leiden muss, im falschen K\u00f6rper zu stecken, kommen in mir Ekel-, Schuld- [&hellip;]<\/p>\n","protected":false},"author":2,"featured_media":7,"parent":65,"menu_order":10,"comment_status":"closed","ping_status":"closed","template":"","meta":[],"yoast_head":"<!-- This site is optimized with the Yoast SEO plugin v21.8.1 - https:\/\/yoast.com\/wordpress\/plugins\/seo\/ -->\n<title>Emmi \u00fcber ihre Unterleibdiskrepanzen - Transfachstelle Luzern<\/title>\n<meta name=\"robots\" content=\"index, follow, max-snippet:-1, max-image-preview:large, max-video-preview:-1\" \/>\n<link rel=\"canonical\" href=\"https:\/\/trans-luzern.ch\/?page_id=99\" \/>\n<meta property=\"og:locale\" content=\"de_DE\" \/>\n<meta property=\"og:type\" content=\"article\" \/>\n<meta property=\"og:title\" content=\"Emmi \u00fcber ihre Unterleibdiskrepanzen - Transfachstelle Luzern\" \/>\n<meta property=\"og:description\" content=\"Um \u00fcber meine Empfindungen und Gef\u00fchle zur Unterleibsdiskrepanz zu berichten, muss ich nach wie vor meine Schamgrenzen, Schuld- und Ekelgef\u00fchle \u00fcberwinden. Wenn ich bewusst daran denke, wie sehr ich vor meinem Outing, und nat\u00fcrlich jetzt immer noch, darunter leiden muss, im falschen K\u00f6rper zu stecken, kommen in mir Ekel-, Schuld- [&hellip;]\" \/>\n<meta property=\"og:url\" content=\"https:\/\/trans-luzern.ch\/?page_id=99\" \/>\n<meta property=\"og:site_name\" content=\"Transfachstelle Luzern\" \/>\n<meta property=\"article:modified_time\" content=\"2023-05-27T15:01:55+00:00\" \/>\n<meta property=\"og:image\" content=\"https:\/\/trans-luzern.ch\/wp-content\/uploads\/2023\/05\/europe-ga97c14118_1280.jpg\" \/>\n\t<meta property=\"og:image:width\" content=\"1280\" \/>\n\t<meta property=\"og:image:height\" content=\"853\" \/>\n\t<meta property=\"og:image:type\" content=\"image\/jpeg\" \/>\n<meta name=\"twitter:card\" content=\"summary_large_image\" \/>\n<meta name=\"twitter:label1\" content=\"Gesch\u00e4tzte Lesezeit\" \/>\n\t<meta name=\"twitter:data1\" content=\"4\u00a0Minuten\" \/>\n<script type=\"application\/ld+json\" class=\"yoast-schema-graph\">{\"@context\":\"https:\/\/schema.org\",\"@graph\":[{\"@type\":\"WebPage\",\"@id\":\"https:\/\/trans-luzern.ch\/?page_id=99\",\"url\":\"https:\/\/trans-luzern.ch\/?page_id=99\",\"name\":\"Emmi \u00fcber ihre Unterleibdiskrepanzen - Transfachstelle Luzern\",\"isPartOf\":{\"@id\":\"https:\/\/trans-luzern.ch\/#website\"},\"datePublished\":\"2023-05-27T12:02:30+00:00\",\"dateModified\":\"2023-05-27T15:01:55+00:00\",\"breadcrumb\":{\"@id\":\"https:\/\/trans-luzern.ch\/?page_id=99#breadcrumb\"},\"inLanguage\":\"de\",\"potentialAction\":[{\"@type\":\"ReadAction\",\"target\":[\"https:\/\/trans-luzern.ch\/?page_id=99\"]}]},{\"@type\":\"BreadcrumbList\",\"@id\":\"https:\/\/trans-luzern.ch\/?page_id=99#breadcrumb\",\"itemListElement\":[{\"@type\":\"ListItem\",\"position\":1,\"name\":\"Startseite\",\"item\":\"https:\/\/trans-luzern.ch\/\"},{\"@type\":\"ListItem\",\"position\":2,\"name\":\"Das TransDok-Projekt\",\"item\":\"https:\/\/trans-luzern.ch\/?page_id=65\"},{\"@type\":\"ListItem\",\"position\":3,\"name\":\"Emmi \u00fcber ihre Unterleibdiskrepanzen\"}]},{\"@type\":\"WebSite\",\"@id\":\"https:\/\/trans-luzern.ch\/#website\",\"url\":\"https:\/\/trans-luzern.ch\/\",\"name\":\"Transfachstelle Luzern\",\"description\":\"\",\"potentialAction\":[{\"@type\":\"SearchAction\",\"target\":{\"@type\":\"EntryPoint\",\"urlTemplate\":\"https:\/\/trans-luzern.ch\/?s={search_term_string}\"},\"query-input\":\"required name=search_term_string\"}],\"inLanguage\":\"de\"}]}<\/script>\n<!-- \/ Yoast SEO plugin. -->","yoast_head_json":{"title":"Emmi \u00fcber ihre Unterleibdiskrepanzen - Transfachstelle Luzern","robots":{"index":"index","follow":"follow","max-snippet":"max-snippet:-1","max-image-preview":"max-image-preview:large","max-video-preview":"max-video-preview:-1"},"canonical":"https:\/\/trans-luzern.ch\/?page_id=99","og_locale":"de_DE","og_type":"article","og_title":"Emmi \u00fcber ihre Unterleibdiskrepanzen - Transfachstelle Luzern","og_description":"Um \u00fcber meine Empfindungen und Gef\u00fchle zur Unterleibsdiskrepanz zu berichten, muss ich nach wie vor meine Schamgrenzen, Schuld- und Ekelgef\u00fchle \u00fcberwinden. Wenn ich bewusst daran denke, wie sehr ich vor meinem Outing, und nat\u00fcrlich jetzt immer noch, darunter leiden muss, im falschen K\u00f6rper zu stecken, kommen in mir Ekel-, Schuld- [&hellip;]","og_url":"https:\/\/trans-luzern.ch\/?page_id=99","og_site_name":"Transfachstelle Luzern","article_modified_time":"2023-05-27T15:01:55+00:00","og_image":[{"width":1280,"height":853,"url":"https:\/\/trans-luzern.ch\/wp-content\/uploads\/2023\/05\/europe-ga97c14118_1280.jpg","type":"image\/jpeg"}],"twitter_card":"summary_large_image","twitter_misc":{"Gesch\u00e4tzte Lesezeit":"4\u00a0Minuten"},"schema":{"@context":"https:\/\/schema.org","@graph":[{"@type":"WebPage","@id":"https:\/\/trans-luzern.ch\/?page_id=99","url":"https:\/\/trans-luzern.ch\/?page_id=99","name":"Emmi \u00fcber ihre Unterleibdiskrepanzen - Transfachstelle Luzern","isPartOf":{"@id":"https:\/\/trans-luzern.ch\/#website"},"datePublished":"2023-05-27T12:02:30+00:00","dateModified":"2023-05-27T15:01:55+00:00","breadcrumb":{"@id":"https:\/\/trans-luzern.ch\/?page_id=99#breadcrumb"},"inLanguage":"de","potentialAction":[{"@type":"ReadAction","target":["https:\/\/trans-luzern.ch\/?page_id=99"]}]},{"@type":"BreadcrumbList","@id":"https:\/\/trans-luzern.ch\/?page_id=99#breadcrumb","itemListElement":[{"@type":"ListItem","position":1,"name":"Startseite","item":"https:\/\/trans-luzern.ch\/"},{"@type":"ListItem","position":2,"name":"Das TransDok-Projekt","item":"https:\/\/trans-luzern.ch\/?page_id=65"},{"@type":"ListItem","position":3,"name":"Emmi \u00fcber ihre Unterleibdiskrepanzen"}]},{"@type":"WebSite","@id":"https:\/\/trans-luzern.ch\/#website","url":"https:\/\/trans-luzern.ch\/","name":"Transfachstelle Luzern","description":"","potentialAction":[{"@type":"SearchAction","target":{"@type":"EntryPoint","urlTemplate":"https:\/\/trans-luzern.ch\/?s={search_term_string}"},"query-input":"required name=search_term_string"}],"inLanguage":"de"}]}},"_links":{"self":[{"href":"https:\/\/trans-luzern.ch\/index.php?rest_route=\/wp\/v2\/pages\/99"}],"collection":[{"href":"https:\/\/trans-luzern.ch\/index.php?rest_route=\/wp\/v2\/pages"}],"about":[{"href":"https:\/\/trans-luzern.ch\/index.php?rest_route=\/wp\/v2\/types\/page"}],"author":[{"embeddable":true,"href":"https:\/\/trans-luzern.ch\/index.php?rest_route=\/wp\/v2\/users\/2"}],"replies":[{"embeddable":true,"href":"https:\/\/trans-luzern.ch\/index.php?rest_route=%2Fwp%2Fv2%2Fcomments&post=99"}],"version-history":[{"count":1,"href":"https:\/\/trans-luzern.ch\/index.php?rest_route=\/wp\/v2\/pages\/99\/revisions"}],"predecessor-version":[{"id":100,"href":"https:\/\/trans-luzern.ch\/index.php?rest_route=\/wp\/v2\/pages\/99\/revisions\/100"}],"up":[{"embeddable":true,"href":"https:\/\/trans-luzern.ch\/index.php?rest_route=\/wp\/v2\/pages\/65"}],"wp:featuredmedia":[{"embeddable":true,"href":"https:\/\/trans-luzern.ch\/index.php?rest_route=\/wp\/v2\/media\/7"}],"wp:attachment":[{"href":"https:\/\/trans-luzern.ch\/index.php?rest_route=%2Fwp%2Fv2%2Fmedia&parent=99"}],"curies":[{"name":"wp","href":"https:\/\/api.w.org\/{rel}","templated":true}]}}